{"id":2156,"date":"2022-11-03T09:33:14","date_gmt":"2022-11-03T09:33:14","guid":{"rendered":"https:\/\/fea-vee.eu\/storyboard\/"},"modified":"2025-06-05T12:12:15","modified_gmt":"2025-06-05T12:12:15","slug":"storyboard","status":"publish","type":"page","link":"https:\/\/fea-vee.eu\/sv\/storyboard\/","title":{"rendered":"Storyboard"},"content":{"rendered":"\t\t<div data-elementor-type=\"wp-page\" data-elementor-id=\"2156\" class=\"elementor elementor-2156 elementor-276\" data-elementor-post-type=\"page\">\n\t\t\t\t\t\t<section class=\"elementor-section elementor-top-section elementor-element elementor-element-65ec2e7 elementor-section-boxed elementor-section-height-default elementor-section-height-default\" data-id=\"65ec2e7\" data-element_type=\"section\">\n\t\t\t\t\t\t\t<div class=\"elementor-background-overlay\"><\/div>\n\t\t\t\t\t\t\t<div class=\"elementor-container elementor-column-gap-default\">\n\t\t\t\t\t<div class=\"elementor-column elementor-col-100 elementor-top-column elementor-element elementor-element-9f73d27\" data-id=\"9f73d27\" data-element_type=\"column\">\n\t\t\t<div class=\"elementor-widget-wrap elementor-element-populated\">\n\t\t\t\t\t\t<div class=\"elementor-element elementor-element-451bec9 elementor-widget elementor-widget-tp-image-factory\" data-id=\"451bec9\" data-element_type=\"widget\" data-widget_type=\"tp-image-factory.default\">\n\t\t\t\t<div class=\"elementor-widget-container\">\n\t\t\t\t\t<div id=\"plus69e0178122ba1\" class=\"plus-adv-text-widget plus-widget-wrapper    image-floating\"  ><div class=\"plus-widget-inner-wrap   \"  ><div id=\"plus69e0178123056\" class=\"pt-plus-animated-image-wrapper      image-floating\" ><div class=\"animated-image-parallax   \" ><div class=\"pt_plus_animated_image bg-image69e0178123053 text-center  \"  > <figure class=\"     \"  ><div class=\"vc_single_image-wrapper   \"><img fetchpriority=\"high\" decoding=\"async\" width=\"600\" height=\"600\" src=\"https:\/\/fea-vee.eu\/wp-content\/uploads\/2025\/06\/soryboard-hero.png\" class=\"attachment-full size-full wp-image-9412\" alt=\"\" srcset=\"https:\/\/fea-vee.eu\/wp-content\/uploads\/2025\/06\/soryboard-hero.png 600w, https:\/\/fea-vee.eu\/wp-content\/uploads\/2025\/06\/soryboard-hero-300x300.png 300w, https:\/\/fea-vee.eu\/wp-content\/uploads\/2025\/06\/soryboard-hero-150x150.png 150w\" sizes=\"(max-width: 600px) 100vw, 600px\" \/><\/div> <\/figure> <\/div><\/div><\/div><\/div><\/div>\t\t\t\t<\/div>\n\t\t\t\t<\/div>\n\t\t\t\t<div class=\"elementor-element elementor-element-6f188ac elementor-widget elementor-widget-tp-heading-title\" data-id=\"6f188ac\" data-element_type=\"widget\" data-widget_type=\"tp-heading-title.default\">\n\t\t\t\t<div class=\"elementor-widget-container\">\n\t\t\t\t\t<div class=\"heading heading_style heading_style69e0178124b7e style-6 \" ><div class=\"sub-style \"  ><div class=\"vertical-divider top\"> <\/div><div class=\"head-title \" > <h1  class=\"heading-title   \"   data-hover=\"Storyboard\">Storyboard<\/h1><\/div><div class=\"sub-heading\"><h4 class=\"heading-sub-title  \"> deltagarnas upplevelser <\/h4><\/div><div class=\"vertical-divider bottom\"> <\/div><\/div><\/div>\t\t\t\t<\/div>\n\t\t\t\t<\/div>\n\t\t\t\t<div class=\"elementor-element elementor-element-f3a4b2e elementor-widget elementor-widget-text-editor\" data-id=\"f3a4b2e\" data-element_type=\"widget\" data-widget_type=\"text-editor.default\">\n\t\t\t\t<div class=\"elementor-widget-container\">\n\t\t\t\t\t\t\t\t\t<p>Storyboard- en samling av personliga ber\u00e4ttelser fr\u00e5n deltagare i FEA-VEE-projektet. Det \u00e4r en plats d\u00e4r deltagarna delar sina unika ber\u00e4ttelser och visar hur projektet har p\u00e5verkat deras l\u00e4rande, kopplat dem till andra och \u00f6ppnat d\u00f6rrar till nya m\u00f6jligheter.<br \/><br \/><\/p><p>Det \u00e4r en inblick i de olika och betydelsefulla upplevelser som speglar k\u00e4rnan i det h\u00e4r projektet.<\/p>\t\t\t\t\t\t\t\t<\/div>\n\t\t\t\t<\/div>\n\t\t\t\t<div class=\"elementor-element elementor-element-278250a elementor-widget elementor-widget-spacer\" data-id=\"278250a\" data-element_type=\"widget\" data-widget_type=\"spacer.default\">\n\t\t\t\t<div class=\"elementor-widget-container\">\n\t\t\t\t\t\t\t<div class=\"elementor-spacer\">\n\t\t\t<div class=\"elementor-spacer-inner\"><\/div>\n\t\t<\/div>\n\t\t\t\t\t\t<\/div>\n\t\t\t\t<\/div>\n\t\t\t\t<div class=\"elementor-element elementor-element-af6da31 elementor-widget elementor-widget-heading\" data-id=\"af6da31\" data-element_type=\"widget\" data-widget_type=\"heading.default\">\n\t\t\t\t<div class=\"elementor-widget-container\">\n\t\t\t\t\t<h1 class=\"elementor-heading-title elementor-size-default\">Testimonials<\/h1>\t\t\t\t<\/div>\n\t\t\t\t<\/div>\n\t\t\t\t<div class=\"elementor-element elementor-element-6d9ec48 elementor-widget__width-initial elementor-widget elementor-widget-text-editor\" data-id=\"6d9ec48\" data-element_type=\"widget\" data-widget_type=\"text-editor.default\">\n\t\t\t\t<div class=\"elementor-widget-container\">\n\t\t\t\t\t\t\t\t\t<h3 style=\"text-align: center;\">28 learners from Greece, Bulgaria, Spain, Romania, Germany and Sweden participated in a 3-month internship in various companies and organizations in their countries as part of FEA-VEE.<\/h3><h3 style=\"text-align: center;\">This is what some of them had to say about this experience:<\/h3>\t\t\t\t\t\t\t\t<\/div>\n\t\t\t\t<\/div>\n\t\t\t\t<div class=\"elementor-element elementor-element-53fa125 elementor-widget elementor-widget-spacer\" data-id=\"53fa125\" data-element_type=\"widget\" data-widget_type=\"spacer.default\">\n\t\t\t\t<div class=\"elementor-widget-container\">\n\t\t\t\t\t\t\t<div class=\"elementor-spacer\">\n\t\t\t<div class=\"elementor-spacer-inner\"><\/div>\n\t\t<\/div>\n\t\t\t\t\t\t<\/div>\n\t\t\t\t<\/div>\n\t\t\t\t<div class=\"elementor-element elementor-element-2863e94 elementor-testimonial--layout-image_stacked elementor-testimonial--skin-default elementor-testimonial--align-center elementor-arrows-yes elementor-widget elementor-widget-testimonial-carousel\" data-id=\"2863e94\" data-element_type=\"widget\" data-settings=\"{&quot;speed&quot;:1000,&quot;autoplay_speed&quot;:6000,&quot;show_arrows&quot;:&quot;yes&quot;,&quot;autoplay&quot;:&quot;yes&quot;,&quot;loop&quot;:&quot;yes&quot;,&quot;pause_on_hover&quot;:&quot;yes&quot;,&quot;pause_on_interaction&quot;:&quot;yes&quot;,&quot;space_between&quot;:{&quot;unit&quot;:&quot;px&quot;,&quot;size&quot;:10,&quot;sizes&quot;:[]},&quot;space_between_laptop&quot;:{&quot;unit&quot;:&quot;px&quot;,&quot;size&quot;:10,&quot;sizes&quot;:[]},&quot;space_between_tablet&quot;:{&quot;unit&quot;:&quot;px&quot;,&quot;size&quot;:10,&quot;sizes&quot;:[]},&quot;space_between_mobile&quot;:{&quot;unit&quot;:&quot;px&quot;,&quot;size&quot;:10,&quot;sizes&quot;:[]}}\" data-widget_type=\"testimonial-carousel.default\">\n\t\t\t\t<div class=\"elementor-widget-container\">\n\t\t\t\t\t\t\t\t\t<div class=\"elementor-swiper\">\n\t\t\t\t\t<div class=\"elementor-main-swiper swiper\" role=\"region\" aria-roledescription=\"carousel\" aria-label=\"Testimonials\">\n\t\t\t\t<div class=\"swiper-wrapper\">\n\t\t\t\t\t\t\t\t\t\t\t<div class=\"swiper-slide\" role=\"group\" aria-roledescription=\"slide\">\n\t\t\t\t\t\t\t\t\t<div class=\"elementor-testimonial\">\n\t\t\t\t\t\t\t<div class=\"elementor-testimonial__content\">\n\t\t\t\t\t<div class=\"elementor-testimonial__text\">\n\t\t\t\t\t\t\u201cFEA-VEE gav mig en fantastisk m\u00f6jlighet till professionell utveckling genom den praktik de ordnade f\u00f6r mig. Deras team var mycket st\u00f6djande och engagerat. Min praktik blev framg\u00e5ngsrik och hj\u00e4lpte mig att ut\u00f6ka mina kunskaper och bygga nya f\u00e4rdigheter som kommer att vara v\u00e4rdefulla i min framtida karri\u00e4r.\u201d\t\t\t\t\t<\/div>\n\t\t\t\t\t\t\t\t\t<\/div>\n\t\t\t\t\t\t<div class=\"elementor-testimonial__footer\">\n\t\t\t\t\t\t\t\t\t<div class=\"elementor-testimonial__image\">\n\t\t\t\t\t\t<img decoding=\"async\" src=\"https:\/\/fea-vee.eu\/wp-content\/uploads\/2025\/06\/Storyboard-Quote-1_.jpeg\" alt=\"Burchin, BULGARIA\">\n\t\t\t\t\t\t\t\t\t\t\t<\/div>\n\t\t\t\t\t\t\t\t<cite class=\"elementor-testimonial__cite\"><span class=\"elementor-testimonial__name\">Burchin, BULGARIA<\/span><span class=\"elementor-testimonial__title\">FASHION DESIGN<\/span><\/cite>\t\t\t<\/div>\n\t\t<\/div>\n\t\t\t\t\t\t\t\t<\/div>\n\t\t\t\t\t\t\t\t\t\t\t<div class=\"swiper-slide\" role=\"group\" aria-roledescription=\"slide\">\n\t\t\t\t\t\t\t\t\t<div class=\"elementor-testimonial\">\n\t\t\t\t\t\t\t<div class=\"elementor-testimonial__content\">\n\t\t\t\t\t<div class=\"elementor-testimonial__text\">\n\t\t\t\t\t\t\u201cEftersom jag nu \u00e4r inne p\u00e5 min tredje m\u00e5nad av praktiken har jag m\u00f6jlighet att arbeta i en mycket v\u00e4nlig och kreativ milj\u00f6. Mitt samarbete med f\u00f6retagets \u00e4gare \u00e4r v\u00e4ldigt kreativt, och jag f\u00e5r delta i design och skapande av traditionella dr\u00e4kter med speciella tekniker, samtidigt som vi f\u00f6ljer modetrender. Tack, FEA-VEE-projektet, f\u00f6r denna m\u00f6jlighet!\u201d \t\t\t\t\t<\/div>\n\t\t\t\t\t\t\t\t\t<\/div>\n\t\t\t\t\t\t<div class=\"elementor-testimonial__footer\">\n\t\t\t\t\t\t\t\t\t<div class=\"elementor-testimonial__image\">\n\t\t\t\t\t\t<img decoding=\"async\" src=\"https:\/\/fea-vee.eu\/wp-content\/uploads\/2025\/06\/rep2_.jpg\" alt=\"Ioulia, GREECE\">\n\t\t\t\t\t\t\t\t\t\t\t<\/div>\n\t\t\t\t\t\t\t\t<cite class=\"elementor-testimonial__cite\"><span class=\"elementor-testimonial__name\">Ioulia, GREECE<\/span><span class=\"elementor-testimonial__title\">GRAPHIC DESIGN<\/span><\/cite>\t\t\t<\/div>\n\t\t<\/div>\n\t\t\t\t\t\t\t\t<\/div>\n\t\t\t\t\t\t\t\t\t\t\t<div class=\"swiper-slide\" role=\"group\" aria-roledescription=\"slide\">\n\t\t\t\t\t\t\t\t\t<div class=\"elementor-testimonial\">\n\t\t\t\t\t\t\t<div class=\"elementor-testimonial__content\">\n\t\t\t\t\t<div class=\"elementor-testimonial__text\">\n\t\t\t\t\t\t\u201cFEA-VEE-projektet har \u00e4ntligen gett mig m\u00f6jligheten att oms\u00e4tta mina teoretiska kunskaper i praktiken samtidigt som jag fortfarande studerar.\u201d\t\t\t\t\t<\/div>\n\t\t\t\t\t\t\t\t\t<\/div>\n\t\t\t\t\t\t<div class=\"elementor-testimonial__footer\">\n\t\t\t\t\t\t\t\t\t<div class=\"elementor-testimonial__image\">\n\t\t\t\t\t\t<img decoding=\"async\" src=\"https:\/\/fea-vee.eu\/wp-content\/uploads\/2025\/06\/rep3_.jpeg\" alt=\"Marie, TYSKLAND\">\n\t\t\t\t\t\t\t\t\t\t\t<\/div>\n\t\t\t\t\t\t\t\t<cite class=\"elementor-testimonial__cite\"><span class=\"elementor-testimonial__name\">Marie, TYSKLAND<\/span><span class=\"elementor-testimonial__title\">FASHION DESIGN<\/span><\/cite>\t\t\t<\/div>\n\t\t<\/div>\n\t\t\t\t\t\t\t\t<\/div>\n\t\t\t\t\t\t\t\t\t\t\t<div class=\"swiper-slide\" role=\"group\" aria-roledescription=\"slide\">\n\t\t\t\t\t\t\t\t\t<div class=\"elementor-testimonial\">\n\t\t\t\t\t\t\t<div class=\"elementor-testimonial__content\">\n\t\t\t\t\t<div class=\"elementor-testimonial__text\">\n\t\t\t\t\t\t\u201cDet digitala studiematerialet under praktiken hj\u00e4lpte mig mycket att f\u00f6rb\u00e4ttra mina f\u00e4rdigheter inom visuell kommunikation. Jag l\u00e4rde mig hur man anv\u00e4nder olika visuella element f\u00f6r att uttrycka min kreativitet p\u00e5 b\u00e4sta s\u00e4tt. Jag l\u00e4rde mig ocks\u00e5 anv\u00e4nda n\u00e5gra anv\u00e4ndbara teknologier.\u201d\t\t\t\t\t<\/div>\n\t\t\t\t\t\t\t\t\t<\/div>\n\t\t\t\t\t\t<div class=\"elementor-testimonial__footer\">\n\t\t\t\t\t\t\t\t\t<div class=\"elementor-testimonial__image\">\n\t\t\t\t\t\t<img decoding=\"async\" src=\"https:\/\/fea-vee.eu\/wp-content\/uploads\/2025\/06\/rep4_.jpeg\" alt=\"Jakab, ROMANIA\">\n\t\t\t\t\t\t\t\t\t\t\t<\/div>\n\t\t\t\t\t\t\t\t<cite class=\"elementor-testimonial__cite\"><span class=\"elementor-testimonial__name\">Jakab, ROMANIA<\/span><span class=\"elementor-testimonial__title\">FASHION DESIGN<\/span><\/cite>\t\t\t<\/div>\n\t\t<\/div>\n\t\t\t\t\t\t\t\t<\/div>\n\t\t\t\t\t\t\t\t\t\t\t<div class=\"swiper-slide\" role=\"group\" aria-roledescription=\"slide\">\n\t\t\t\t\t\t\t\t\t<div class=\"elementor-testimonial\">\n\t\t\t\t\t\t\t<div class=\"elementor-testimonial__content\">\n\t\t\t\t\t<div class=\"elementor-testimonial__text\">\n\t\t\t\t\t\t\u201cDet h\u00e4r projektet l\u00e4rde mig mycket om det arbete som sker bakom kulisserna. Det \u00e4r en tuff bransch, och om man vill f\u00f6rs\u00f6rja sig p\u00e5 det m\u00e5ste man arbeta dubbelt s\u00e5 h\u00e5rt som man trodde tidigare.\u201d\t\t\t\t\t<\/div>\n\t\t\t\t\t\t\t\t\t<\/div>\n\t\t\t\t\t\t<div class=\"elementor-testimonial__footer\">\n\t\t\t\t\t\t\t\t\t<div class=\"elementor-testimonial__image\">\n\t\t\t\t\t\t<img decoding=\"async\" src=\"https:\/\/fea-vee.eu\/wp-content\/uploads\/2025\/06\/Storyboard-Quote-5_.jpeg\" alt=\"Eduard, ROMANIA\">\n\t\t\t\t\t\t\t\t\t\t\t<\/div>\n\t\t\t\t\t\t\t\t<cite class=\"elementor-testimonial__cite\"><span class=\"elementor-testimonial__name\">Eduard, ROMANIA<\/span><span class=\"elementor-testimonial__title\">FASHION DESIGN<\/span><\/cite>\t\t\t<\/div>\n\t\t<\/div>\n\t\t\t\t\t\t\t\t<\/div>\n\t\t\t\t\t\t\t\t\t<\/div>\n\t\t\t\t\t\t\t\t\t\t\t\t\t\t\t<div class=\"elementor-swiper-button elementor-swiper-button-prev\" role=\"button\" tabindex=\"0\" aria-label=\"F\u00f6reg\u00e5ende\">\n\t\t\t\t\t\t\t<svg aria-hidden=\"true\" class=\"e-font-icon-svg e-eicon-chevron-left\" viewBox=\"0 0 1000 1000\" xmlns=\"http:\/\/www.w3.org\/2000\/svg\"><path d=\"M646 125C629 125 613 133 604 142L308 442C296 454 292 471 292 487 292 504 296 521 308 533L604 854C617 867 629 875 646 875 663 875 679 871 692 858 704 846 713 829 713 812 713 796 708 779 692 767L438 487 692 225C700 217 708 204 708 187 708 171 704 154 692 142 675 129 663 125 646 125Z\"><\/path><\/svg>\t\t\t\t\t\t<\/div>\n\t\t\t\t\t\t<div class=\"elementor-swiper-button elementor-swiper-button-next\" role=\"button\" tabindex=\"0\" aria-label=\"N\u00e4sta\">\n\t\t\t\t\t\t\t<svg aria-hidden=\"true\" class=\"e-font-icon-svg e-eicon-chevron-right\" viewBox=\"0 0 1000 1000\" xmlns=\"http:\/\/www.w3.org\/2000\/svg\"><path d=\"M696 533C708 521 713 504 713 487 713 471 708 454 696 446L400 146C388 133 375 125 354 125 338 125 325 129 313 142 300 154 292 171 292 187 292 204 296 221 308 233L563 492 304 771C292 783 288 800 288 817 288 833 296 850 308 863 321 871 338 875 354 875 371 875 388 867 400 854L696 533Z\"><\/path><\/svg>\t\t\t\t\t\t<\/div>\n\t\t\t\t\t\t\t\t\t\t\t\t\t\t\t\t\t<\/div>\n\t\t\t\t<\/div>\n\t\t\t\t\t\t\t\t<\/div>\n\t\t\t\t<\/div>\n\t\t\t\t<div class=\"elementor-element elementor-element-fbcadb6 elementor-widget elementor-widget-spacer\" data-id=\"fbcadb6\" data-element_type=\"widget\" data-widget_type=\"spacer.default\">\n\t\t\t\t<div class=\"elementor-widget-container\">\n\t\t\t\t\t\t\t<div class=\"elementor-spacer\">\n\t\t\t<div class=\"elementor-spacer-inner\"><\/div>\n\t\t<\/div>\n\t\t\t\t\t\t<\/div>\n\t\t\t\t<\/div>\n\t\t\t\t<div class=\"elementor-element elementor-element-3a63f3c elementor-widget elementor-widget-tp-blog-listout\" data-id=\"3a63f3c\" data-element_type=\"widget\" data-widget_type=\"tp-blog-listout.default\">\n\t\t\t\t<div class=\"elementor-widget-container\">\n\t\t\t\t\t<div id=\"pt-plus-blog-post-list\" class=\"blog-list post69e017813474c  list-isotope  blog-style-2 hover-image-style-1 layout-style-1  \"  data-layout-type=\"fitRows\"   data-id=\"post69e017813474c\" data-style=\"style-2\"   dir= data-enable-isotope=\"1\" filter-type = \"normal\"><div id=\"post69e017813474c\" class=\"tp-row post-inner-loop post69e017813474c text-center  \" data-extparam= '{\"loading-opt\":\"skeleton\",\"URL-para\":\"\"}'  ><div class=\"grid-item metro-item  tp-col-lg-4 tp-col-md-4 tp-col-sm-6 tp-col-6  \"><article id=\"post-7449\" class=\"post-7449 post type-post status-publish format-standard has-post-thumbnail hentry category-best-practices-sv\">\r\n\t<div class=\"blog-list-content\">\r\n\t\t\t\t<div class=\"post-content-image\">\r\n\t\t\t<a href=\"https:\/\/fea-vee.eu\/sv\/modern-jewelry-made-from-recycled-glass-bottles\/\">\r\n\t\t\t\t\t<div class=\"blog-featured-image  tp-cst-img-full img\">\r\n\t<span class=\"thumb-wrap\">\r\n\t\t<img decoding=\"async\" width=\"1200\" height=\"630\" src=\"https:\/\/fea-vee.eu\/wp-content\/uploads\/2024\/06\/bp_el.png\" class=\"attachment-full size-full\" alt=\"\" srcset=\"https:\/\/fea-vee.eu\/wp-content\/uploads\/2024\/06\/bp_el.png 1200w, https:\/\/fea-vee.eu\/wp-content\/uploads\/2024\/06\/bp_el-300x158.png 300w, https:\/\/fea-vee.eu\/wp-content\/uploads\/2024\/06\/bp_el-1024x538.png 1024w, https:\/\/fea-vee.eu\/wp-content\/uploads\/2024\/06\/bp_el-768x403.png 768w, https:\/\/fea-vee.eu\/wp-content\/uploads\/2024\/06\/bp_el-624x328.png 624w, https:\/\/fea-vee.eu\/wp-content\/uploads\/2024\/06\/bp_el-50x26.png 50w, https:\/\/fea-vee.eu\/wp-content\/uploads\/2024\/06\/bp_el-100x53.png 100w\" sizes=\"(max-width: 1200px) 100vw, 1200px\" \/>\t<\/span>\r\n\t<\/div>\r\n\t\t\t<\/a>\r\n\t\t\t\t\t<\/div>\r\n\t\t\t\t<div class=\"post-content-bottom\">\r\n\t\t\t\t\t\t<div class=\"post-metro-content\">\r\n\t\t\t\t<h3 class=\"post-title\">\r\n\t<a href=\"https:\/\/fea-vee.eu\/sv\/modern-jewelry-made-from-recycled-glass-bottles\/\" class=\"normal\">Moderna smycken och \u00e5tervunna glasflaskor.<\/a>\r\n<\/h3>\r\n\t\t\t\t\t\t\t\t\t\t\t<\/div>\r\n\t\t<\/div>\r\n\t\t\t\t\t<\/div>\r\n<\/article>\r\n<\/div><div class=\"grid-item metro-item  tp-col-lg-4 tp-col-md-4 tp-col-sm-6 tp-col-6  \"><article id=\"post-7442\" class=\"post-7442 post type-post status-publish format-standard has-post-thumbnail hentry category-best-practices-sv\">\r\n\t<div class=\"blog-list-content\">\r\n\t\t\t\t<div class=\"post-content-image\">\r\n\t\t\t<a href=\"https:\/\/fea-vee.eu\/sv\/initiatives-and-measures-regarding-sustainability-at-trigema\/\">\r\n\t\t\t\t\t<div class=\"blog-featured-image  tp-cst-img-full img\">\r\n\t<span class=\"thumb-wrap\">\r\n\t\t<img decoding=\"async\" width=\"1200\" height=\"630\" src=\"https:\/\/fea-vee.eu\/wp-content\/uploads\/2024\/06\/bp_de.png\" class=\"attachment-full size-full\" alt=\"\" srcset=\"https:\/\/fea-vee.eu\/wp-content\/uploads\/2024\/06\/bp_de.png 1200w, https:\/\/fea-vee.eu\/wp-content\/uploads\/2024\/06\/bp_de-300x158.png 300w, https:\/\/fea-vee.eu\/wp-content\/uploads\/2024\/06\/bp_de-1024x538.png 1024w, https:\/\/fea-vee.eu\/wp-content\/uploads\/2024\/06\/bp_de-768x403.png 768w, https:\/\/fea-vee.eu\/wp-content\/uploads\/2024\/06\/bp_de-624x328.png 624w, https:\/\/fea-vee.eu\/wp-content\/uploads\/2024\/06\/bp_de-50x26.png 50w, https:\/\/fea-vee.eu\/wp-content\/uploads\/2024\/06\/bp_de-100x53.png 100w\" sizes=\"(max-width: 1200px) 100vw, 1200px\" \/>\t<\/span>\r\n\t<\/div>\r\n\t\t\t<\/a>\r\n\t\t\t\t\t<\/div>\r\n\t\t\t\t<div class=\"post-content-bottom\">\r\n\t\t\t\t\t\t<div class=\"post-metro-content\">\r\n\t\t\t\t<h3 class=\"post-title\">\r\n\t<a href=\"https:\/\/fea-vee.eu\/sv\/initiatives-and-measures-regarding-sustainability-at-trigema\/\" class=\"normal\">Initiativ och \u00e5tg\u00e4rder f\u00f6r h\u00e5llbarhet hos Trigema<\/a>\r\n<\/h3>\r\n\t\t\t\t\t\t\t\t\t\t\t<\/div>\r\n\t\t<\/div>\r\n\t\t\t\t\t<\/div>\r\n<\/article>\r\n<\/div><div class=\"grid-item metro-item  tp-col-lg-4 tp-col-md-4 tp-col-sm-6 tp-col-6  \"><article id=\"post-7435\" class=\"post-7435 post type-post status-publish format-standard has-post-thumbnail hentry category-best-practices-sv\">\r\n\t<div class=\"blog-list-content\">\r\n\t\t\t\t<div class=\"post-content-image\">\r\n\t\t\t<a href=\"https:\/\/fea-vee.eu\/sv\/sustainability-fabric-management\/\">\r\n\t\t\t\t\t<div class=\"blog-featured-image  tp-cst-img-full img\">\r\n\t<span class=\"thumb-wrap\">\r\n\t\t<img loading=\"lazy\" decoding=\"async\" width=\"1200\" height=\"630\" src=\"https:\/\/fea-vee.eu\/wp-content\/uploads\/2024\/06\/bp_bg.png\" class=\"attachment-full size-full\" alt=\"\" srcset=\"https:\/\/fea-vee.eu\/wp-content\/uploads\/2024\/06\/bp_bg.png 1200w, https:\/\/fea-vee.eu\/wp-content\/uploads\/2024\/06\/bp_bg-300x158.png 300w, https:\/\/fea-vee.eu\/wp-content\/uploads\/2024\/06\/bp_bg-1024x538.png 1024w, https:\/\/fea-vee.eu\/wp-content\/uploads\/2024\/06\/bp_bg-768x403.png 768w, https:\/\/fea-vee.eu\/wp-content\/uploads\/2024\/06\/bp_bg-624x328.png 624w, https:\/\/fea-vee.eu\/wp-content\/uploads\/2024\/06\/bp_bg-50x26.png 50w, https:\/\/fea-vee.eu\/wp-content\/uploads\/2024\/06\/bp_bg-100x53.png 100w\" sizes=\"(max-width: 1200px) 100vw, 1200px\" \/>\t<\/span>\r\n\t<\/div>\r\n\t\t\t<\/a>\r\n\t\t\t\t\t<\/div>\r\n\t\t\t\t<div class=\"post-content-bottom\">\r\n\t\t\t\t\t\t<div class=\"post-metro-content\">\r\n\t\t\t\t<h3 class=\"post-title\">\r\n\t<a href=\"https:\/\/fea-vee.eu\/sv\/sustainability-fabric-management\/\" class=\"normal\">H\u00e5llbar hantering av textilier<\/a>\r\n<\/h3>\r\n\t\t\t\t\t\t\t\t\t\t\t<\/div>\r\n\t\t<\/div>\r\n\t\t\t\t\t<\/div>\r\n<\/article>\r\n<\/div><\/div><\/div>\t\t\t\t<\/div>\n\t\t\t\t<\/div>\n\t\t\t\t<div class=\"elementor-element elementor-element-f763764 elementor-widget elementor-widget-spacer\" data-id=\"f763764\" data-element_type=\"widget\" data-widget_type=\"spacer.default\">\n\t\t\t\t<div class=\"elementor-widget-container\">\n\t\t\t\t\t\t\t<div class=\"elementor-spacer\">\n\t\t\t<div class=\"elementor-spacer-inner\"><\/div>\n\t\t<\/div>\n\t\t\t\t\t\t<\/div>\n\t\t\t\t<\/div>\n\t\t\t\t\t<\/div>\n\t\t<\/div>\n\t\t\t\t\t<\/div>\n\t\t<\/section>\n\t\t\t\t<\/div>\n\t\t","protected":false},"excerpt":{"rendered":"<p>Storyboard deltagarnas upplevelser Storyboard- en samling av personliga ber\u00e4ttelser fr\u00e5n deltagare i FEA-VEE-projektet. Det \u00e4r en plats d\u00e4r deltagarna delar sina unika ber\u00e4ttelser och visar&hellip;<\/p>\n","protected":false},"author":2,"featured_media":0,"parent":0,"menu_order":0,"comment_status":"closed","ping_status":"closed","template":"","meta":{"footnotes":""},"class_list":["post-2156","page","type-page","status-publish","hentry"],"_links":{"self":[{"href":"https:\/\/fea-vee.eu\/sv\/wp-json\/wp\/v2\/pages\/2156","targetHints":{"allow":["GET"]}}],"collection":[{"href":"https:\/\/fea-vee.eu\/sv\/wp-json\/wp\/v2\/pages"}],"about":[{"href":"https:\/\/fea-vee.eu\/sv\/wp-json\/wp\/v2\/types\/page"}],"author":[{"embeddable":true,"href":"https:\/\/fea-vee.eu\/sv\/wp-json\/wp\/v2\/users\/2"}],"replies":[{"embeddable":true,"href":"https:\/\/fea-vee.eu\/sv\/wp-json\/wp\/v2\/comments?post=2156"}],"version-history":[{"count":8,"href":"https:\/\/fea-vee.eu\/sv\/wp-json\/wp\/v2\/pages\/2156\/revisions"}],"predecessor-version":[{"id":9482,"href":"https:\/\/fea-vee.eu\/sv\/wp-json\/wp\/v2\/pages\/2156\/revisions\/9482"}],"wp:attachment":[{"href":"https:\/\/fea-vee.eu\/sv\/wp-json\/wp\/v2\/media?parent=2156"}],"curies":[{"name":"wp","href":"https:\/\/api.w.org\/{rel}","templated":true}]}}