{"id":2136,"date":"2022-11-03T09:20:32","date_gmt":"2022-11-03T09:20:32","guid":{"rendered":"https:\/\/fea-vee.eu\/om-projektet\/"},"modified":"2022-11-03T09:20:33","modified_gmt":"2022-11-03T09:20:33","slug":"om-projektet","status":"publish","type":"page","link":"https:\/\/fea-vee.eu\/sv\/om-projektet\/","title":{"rendered":"Om projektet"},"content":{"rendered":"\t\t<div data-elementor-type=\"wp-page\" data-elementor-id=\"2136\" class=\"elementor elementor-2136 elementor-272\" data-elementor-post-type=\"page\">\n\t\t\t\t\t\t<section class=\"elementor-section elementor-top-section elementor-element elementor-element-3e14b03 elementor-section-boxed elementor-section-height-default elementor-section-height-default\" data-id=\"3e14b03\" data-element_type=\"section\">\n\t\t\t\t\t\t\t<div class=\"elementor-background-overlay\"><\/div>\n\t\t\t\t\t\t\t<div class=\"elementor-container elementor-column-gap-default\">\n\t\t\t\t\t<div class=\"elementor-column elementor-col-100 elementor-top-column elementor-element elementor-element-c27f138\" data-id=\"c27f138\" data-element_type=\"column\">\n\t\t\t<div class=\"elementor-widget-wrap elementor-element-populated\">\n\t\t\t\t\t\t<div class=\"elementor-element elementor-element-bbcb1e8 elementor-widget elementor-widget-tp-image-factory\" data-id=\"bbcb1e8\" data-element_type=\"widget\" data-widget_type=\"tp-image-factory.default\">\n\t\t\t\t<div class=\"elementor-widget-container\">\n\t\t\t\t\t<div id=\"plus69dee34d2cabc\" class=\"plus-adv-text-widget plus-widget-wrapper    image-floating\"  ><div class=\"plus-widget-inner-wrap   \"  ><div id=\"plus69dee34d2cea0\" class=\"pt-plus-animated-image-wrapper      image-floating\" ><div class=\"animated-image-parallax   \" ><div class=\"pt_plus_animated_image bg-image69dee34d2ce9d text-center  \"  > <figure class=\"     \"  ><div class=\"vc_single_image-wrapper   \"><img fetchpriority=\"high\" decoding=\"async\" width=\"600\" height=\"600\" src=\"https:\/\/fea-vee.eu\/wp-content\/uploads\/2022\/08\/about-home-page-02.png\" class=\"attachment-full size-full wp-image-152\" alt=\"\" srcset=\"https:\/\/fea-vee.eu\/wp-content\/uploads\/2022\/08\/about-home-page-02.png 600w, https:\/\/fea-vee.eu\/wp-content\/uploads\/2022\/08\/about-home-page-02-300x300.png 300w, https:\/\/fea-vee.eu\/wp-content\/uploads\/2022\/08\/about-home-page-02-150x150.png 150w\" sizes=\"(max-width: 600px) 100vw, 600px\" \/><\/div> <\/figure> <\/div><\/div><\/div><\/div><\/div>\t\t\t\t<\/div>\n\t\t\t\t<\/div>\n\t\t\t\t<div class=\"elementor-element elementor-element-6a27fc2 elementor-widget elementor-widget-tp-heading-title\" data-id=\"6a27fc2\" data-element_type=\"widget\" data-widget_type=\"tp-heading-title.default\">\n\t\t\t\t<div class=\"elementor-widget-container\">\n\t\t\t\t\t<div class=\"heading heading_style heading_style69dee34d2e5e8 style-6 \" ><div class=\"sub-style \"  ><div class=\"vertical-divider top\"> <\/div><div class=\"head-title \" > <h1  class=\"heading-title   \"   data-hover=\"Om \">Om <\/h1><\/div><div class=\"sub-heading\"><h4 class=\"heading-sub-title  \"> projektet  <\/h4><\/div><div class=\"vertical-divider bottom\"> <\/div><\/div><\/div>\t\t\t\t<\/div>\n\t\t\t\t<\/div>\n\t\t\t\t\t<\/div>\n\t\t<\/div>\n\t\t\t\t\t<\/div>\n\t\t<\/section>\n\t\t\t\t<section class=\"elementor-section elementor-top-section elementor-element elementor-element-c0ace37 elementor-section-boxed elementor-section-height-default elementor-section-height-default\" data-id=\"c0ace37\" data-element_type=\"section\">\n\t\t\t\t\t\t\t<div class=\"elementor-background-overlay\"><\/div>\n\t\t\t\t\t\t\t<div class=\"elementor-container elementor-column-gap-default\">\n\t\t\t\t\t<div class=\"elementor-column elementor-col-100 elementor-top-column elementor-element elementor-element-ea381e5\" data-id=\"ea381e5\" data-element_type=\"column\">\n\t\t\t<div class=\"elementor-widget-wrap elementor-element-populated\">\n\t\t\t\t\t\t<div class=\"elementor-element elementor-element-e2c4149 elementor-widget elementor-widget-text-editor\" data-id=\"e2c4149\" data-element_type=\"widget\" data-widget_type=\"text-editor.default\">\n\t\t\t\t<div class=\"elementor-widget-container\">\n\t\t\t\t\t\t\t\t\t<p>akgrunden till projektet \u00e4r bristen p\u00e5 kunnig personal inom textil- och modebranschen. P\u00e5 grund av de senaste decenniernas massiva nedl\u00e4ggning har sektorn f\u00f6rlorat sin attraktivitet f\u00f6r unga m\u00e4nniskor, som ett resultat av detta har textilf\u00f6retagen sv\u00e5rare att attrahera nya talanger, s\u00e4rskilt med digital kompetens.<\/p>\n<p>Projektet svarar p\u00e5 behovet av en gr\u00f6n och h\u00e5llbar omst\u00e4llning av textilindustrin i kontrast till den snabba konsumtionsindustrin vi ser idag.<\/p>\n<p>Mode anses vara en av de mest f\u00f6rorenande industrierna, delvis p\u00e5 grund av de senaste trenderna med \u201dsnabba k\u00f6p\u201d och en \u00f6kad konsumtion.<\/p>\n<p>Sm\u00e5 och medelstora f\u00f6retag och dess \u00e4gare, arbetstagare m\u00e5ste d\u00e4rf\u00f6r \u00f6ka deras kompetens inom h\u00e5llbart mode, f\u00f6r att fr\u00e4mja den gr\u00f6na omvandlingen av sektorn. Dessa kompetenser b\u00f6r utvecklas redan under yrkes- och universitetsutbildningen av framtida textilarbetare som anses vara bland de mest f\u00f6rorenande industrierna b\u00e5de vad g\u00e4ller produktion och efterf\u00f6ljande bortskaffande.<\/p>\n\t\t\t\t\t\t\t\t<\/div>\n\t\t\t\t<\/div>\n\t\t\t\t<div class=\"elementor-element elementor-element-42666a1 elementor-widget elementor-widget-heading\" data-id=\"42666a1\" data-element_type=\"widget\" data-widget_type=\"heading.default\">\n\t\t\t\t<div class=\"elementor-widget-container\">\n\t\t\t\t\t<h2 class=\"elementor-heading-title elementor-size-default\">M\u00e5l<\/h2>\t\t\t\t<\/div>\n\t\t\t\t<\/div>\n\t\t\t\t<div class=\"elementor-element elementor-element-f95f7d1 elementor-widget elementor-widget-text-editor\" data-id=\"f95f7d1\" data-element_type=\"widget\" data-widget_type=\"text-editor.default\">\n\t\t\t\t<div class=\"elementor-widget-container\">\n\t\t\t\t\t\t\t\t\t<p>FEA-VEE bidrar till att attrahera fler unga m\u00e4nniskor\u00a0 inom \u00a0mode-, textil- och kl\u00e4dsektorerna, p\u00e5 s\u00e5 s\u00e4tt bidrar projektet till att utbilda ny arbetskraft som \u00e4r yrkesutbildning erk\u00e4nd, skicklig och kompetent f\u00f6r 2000-talets arbetsbehov. Dessa personer kommer utbildas utifr\u00e5n en arbetsbaserad utbildningsmodell och l\u00e4rlingsutbildningar i direkt kontakt med branschen.<\/p>\n<p>Vidare syftar projektet till att utvecklingen av mode-, textil- och kl\u00e4dsektorerna ska bli gr\u00f6nare, cirkul\u00e4r, och baseras p\u00e5 h\u00e5llbara ekonomiska modeller. Utifr\u00e5n ett ekologiskt, ekonomiskt och socialt perspektiv.<\/p>\n<p>Vidare \u00a0vill FEA-VEE etablera en reformv\u00e4g f\u00f6r gr\u00f6nt entrepren\u00f6rskap f\u00f6r att inf\u00f6rliva h\u00e5llbarhetsaspekter i entrepren\u00f6riell planering samtidigt som man fr\u00e4mjar entrepren\u00f6rskap genom entrepren\u00f6riella f\u00e4rdigheter och kompetenser bland studenter inom utbildningsinstitutioner, organisationer.<\/p>\n<p>FEA-VEE-projektaktiviteter \u00a0kommer fokusera p\u00e5 att skapa innovativa utbildningsmaterial f\u00f6r l\u00e4rare och utbildare inom textilsektorn. Dessutom kommer projketet att utforma en\u00a0 transnationell digital samarbetsplattform f\u00f6r att matcha studenter och arbetstagare med utbildnings- och praktikm\u00f6jligheter i hela Europa.<\/p>\n<p>Slutligen kommer projektet anordna kortare kurser f\u00f6r studenter, dessa kommer h\u00e5llas i Tyskland och Spanien, f\u00f6r att \u00f6ka studenternas kompetenser och fr\u00e4mja utbytet mellan partnerl\u00e4nderna.<\/p>\n\t\t\t\t\t\t\t\t<\/div>\n\t\t\t\t<\/div>\n\t\t\t\t<div class=\"elementor-element elementor-element-f26b2b9 elementor-widget elementor-widget-heading\" data-id=\"f26b2b9\" data-element_type=\"widget\" data-widget_type=\"heading.default\">\n\t\t\t\t<div class=\"elementor-widget-container\">\n\t\t\t\t\t<h5 class=\"elementor-heading-title elementor-size-default\">Projektet v\u00e4nder sig huvudsakligen till tre m\u00e5lgrupper:<\/h5>\t\t\t\t<\/div>\n\t\t\t\t<\/div>\n\t\t\t\t<div class=\"elementor-element elementor-element-747c44a elementor-icon-list--layout-traditional elementor-list-item-link-full_width elementor-widget elementor-widget-icon-list\" data-id=\"747c44a\" data-element_type=\"widget\" data-widget_type=\"icon-list.default\">\n\t\t\t\t<div class=\"elementor-widget-container\">\n\t\t\t\t\t\t\t<ul class=\"elementor-icon-list-items\">\n\t\t\t\t\t\t\t<li class=\"elementor-icon-list-item\">\n\t\t\t\t\t\t\t\t\t\t\t<span class=\"elementor-icon-list-icon\">\n\t\t\t\t\t\t\t<svg aria-hidden=\"true\" class=\"e-font-icon-svg e-fas-check-square\" viewBox=\"0 0 448 512\" xmlns=\"http:\/\/www.w3.org\/2000\/svg\"><path d=\"M400 480H48c-26.51 0-48-21.49-48-48V80c0-26.51 21.49-48 48-48h352c26.51 0 48 21.49 48 48v352c0 26.51-21.49 48-48 48zm-204.686-98.059l184-184c6.248-6.248 6.248-16.379 0-22.627l-22.627-22.627c-6.248-6.248-16.379-6.249-22.628 0L184 302.745l-70.059-70.059c-6.248-6.248-16.379-6.248-22.628 0l-22.627 22.627c-6.248 6.248-6.248 16.379 0 22.627l104 104c6.249 6.25 16.379 6.25 22.628.001z\"><\/path><\/svg>\t\t\t\t\t\t<\/span>\n\t\t\t\t\t\t\t\t\t\t<span class=\"elementor-icon-list-text\">Studenter och akademiker, som kommer att ha m\u00f6jlighet att utveckla och f\u00f6rb\u00e4ttra sina f\u00e4rdigheter i en internationell milj\u00f6 samt att ut\u00f6ka sitt professionella n\u00e4tverk;<\/span>\n\t\t\t\t\t\t\t\t\t<\/li>\n\t\t\t\t\t\t\t\t<li class=\"elementor-icon-list-item\">\n\t\t\t\t\t\t\t\t\t\t\t<span class=\"elementor-icon-list-icon\">\n\t\t\t\t\t\t\t<svg aria-hidden=\"true\" class=\"e-font-icon-svg e-fas-check-square\" viewBox=\"0 0 448 512\" xmlns=\"http:\/\/www.w3.org\/2000\/svg\"><path d=\"M400 480H48c-26.51 0-48-21.49-48-48V80c0-26.51 21.49-48 48-48h352c26.51 0 48 21.49 48 48v352c0 26.51-21.49 48-48 48zm-204.686-98.059l184-184c6.248-6.248 6.248-16.379 0-22.627l-22.627-22.627c-6.248-6.248-16.379-6.249-22.628 0L184 302.745l-70.059-70.059c-6.248-6.248-16.379-6.248-22.628 0l-22.627 22.627c-6.248 6.248-6.248 16.379 0 22.627l104 104c6.249 6.25 16.379 6.25 22.628.001z\"><\/path><\/svg>\t\t\t\t\t\t<\/span>\n\t\t\t\t\t\t\t\t\t\t<span class=\"elementor-icon-list-text\">L\u00e4rare, som efter projektet kommer kunna  f\u00f6rdjupa och uppdatera sina utbildningskoncept. <\/span>\n\t\t\t\t\t\t\t\t\t<\/li>\n\t\t\t\t\t\t\t\t<li class=\"elementor-icon-list-item\">\n\t\t\t\t\t\t\t\t\t\t\t<span class=\"elementor-icon-list-icon\">\n\t\t\t\t\t\t\t<svg aria-hidden=\"true\" class=\"e-font-icon-svg e-fas-check-square\" viewBox=\"0 0 448 512\" xmlns=\"http:\/\/www.w3.org\/2000\/svg\"><path d=\"M400 480H48c-26.51 0-48-21.49-48-48V80c0-26.51 21.49-48 48-48h352c26.51 0 48 21.49 48 48v352c0 26.51-21.49 48-48 48zm-204.686-98.059l184-184c6.248-6.248 6.248-16.379 0-22.627l-22.627-22.627c-6.248-6.248-16.379-6.249-22.628 0L184 302.745l-70.059-70.059c-6.248-6.248-16.379-6.248-22.628 0l-22.627 22.627c-6.248 6.248-6.248 16.379 0 22.627l104 104c6.249 6.25 16.379 6.25 22.628.001z\"><\/path><\/svg>\t\t\t\t\t\t<\/span>\n\t\t\t\t\t\t\t\t\t\t<span class=\"elementor-icon-list-text\">Sm\u00e5 och medelstora f\u00f6retag inom textil- och modeindustrin, som efter projektets slut kommer att kunna attrahera en mer kvalificerad arbetskraft, med fokus p\u00e5 en ekologisk, ekonomisk och social h\u00e5llbar omst\u00e4llning inom sektorn.<\/span>\n\t\t\t\t\t\t\t\t\t<\/li>\n\t\t\t\t\t\t<\/ul>\n\t\t\t\t\t\t<\/div>\n\t\t\t\t<\/div>\n\t\t\t\t<div class=\"elementor-element elementor-element-d9d727e elementor-widget elementor-widget-spacer\" data-id=\"d9d727e\" data-element_type=\"widget\" data-widget_type=\"spacer.default\">\n\t\t\t\t<div class=\"elementor-widget-container\">\n\t\t\t\t\t\t\t<div class=\"elementor-spacer\">\n\t\t\t<div class=\"elementor-spacer-inner\"><\/div>\n\t\t<\/div>\n\t\t\t\t\t\t<\/div>\n\t\t\t\t<\/div>\n\t\t\t\t\t<\/div>\n\t\t<\/div>\n\t\t\t\t\t<\/div>\n\t\t<\/section>\n\t\t\t\t<\/div>\n\t\t","protected":false},"excerpt":{"rendered":"<p>Om projektet akgrunden till projektet \u00e4r bristen p\u00e5 kunnig personal inom textil- och modebranschen. P\u00e5 grund av de senaste decenniernas massiva nedl\u00e4ggning har sektorn f\u00f6rlorat&hellip;<\/p>\n","protected":false},"author":2,"featured_media":0,"parent":0,"menu_order":0,"comment_status":"closed","ping_status":"closed","template":"","meta":{"footnotes":""},"class_list":["post-2136","page","type-page","status-publish","hentry"],"_links":{"self":[{"href":"https:\/\/fea-vee.eu\/sv\/wp-json\/wp\/v2\/pages\/2136","targetHints":{"allow":["GET"]}}],"collection":[{"href":"https:\/\/fea-vee.eu\/sv\/wp-json\/wp\/v2\/pages"}],"about":[{"href":"https:\/\/fea-vee.eu\/sv\/wp-json\/wp\/v2\/types\/page"}],"author":[{"embeddable":true,"href":"https:\/\/fea-vee.eu\/sv\/wp-json\/wp\/v2\/users\/2"}],"replies":[{"embeddable":true,"href":"https:\/\/fea-vee.eu\/sv\/wp-json\/wp\/v2\/comments?post=2136"}],"version-history":[{"count":1,"href":"https:\/\/fea-vee.eu\/sv\/wp-json\/wp\/v2\/pages\/2136\/revisions"}],"predecessor-version":[{"id":2137,"href":"https:\/\/fea-vee.eu\/sv\/wp-json\/wp\/v2\/pages\/2136\/revisions\/2137"}],"wp:attachment":[{"href":"https:\/\/fea-vee.eu\/sv\/wp-json\/wp\/v2\/media?parent=2136"}],"curies":[{"name":"wp","href":"https:\/\/api.w.org\/{rel}","templated":true}]}}