{"id":9619,"date":"2025-06-19T11:41:23","date_gmt":"2025-06-19T11:41:23","guid":{"rendered":"https:\/\/fea-vee.eu\/events\/"},"modified":"2026-03-04T10:41:01","modified_gmt":"2026-03-04T10:41:01","slug":"eventsnew","status":"publish","type":"page","link":"https:\/\/fea-vee.eu\/ro\/eventsnew\/","title":{"rendered":"Events"},"content":{"rendered":"\t\t<div data-elementor-type=\"wp-page\" data-elementor-id=\"9619\" class=\"elementor elementor-9619 elementor-9190\" data-elementor-post-type=\"page\">\n\t\t\t\t\t\t<section class=\"plus-conditions--hidden elementor-section elementor-top-section elementor-element elementor-element-88abf8b elementor-section-boxed elementor-section-height-default elementor-section-height-default\" data-id=\"88abf8b\" data-element_type=\"section\" data-settings=\"{&quot;tp_display_rules_enable&quot;:&quot;yes&quot;,&quot;tp_display_rules_output&quot;:&quot;yes&quot;}\">\n\t\t\t\t\t\t<div class=\"elementor-container elementor-column-gap-default\">\n\t\t\t\t\t<div class=\"elementor-column elementor-col-100 elementor-top-column elementor-element elementor-element-616bf66\" data-id=\"616bf66\" data-element_type=\"column\">\n\t\t\t<div class=\"elementor-widget-wrap elementor-element-populated\">\n\t\t\t\t\t\t<section class=\"elementor-section elementor-inner-section elementor-element elementor-element-04f760c elementor-section-boxed elementor-section-height-default elementor-section-height-default\" data-id=\"04f760c\" data-element_type=\"section\">\n\t\t\t\t\t\t<div class=\"elementor-container elementor-column-gap-default\">\n\t\t\t\t\t<div class=\"elementor-column elementor-col-50 elementor-inner-column elementor-element elementor-element-271b659\" data-id=\"271b659\" data-element_type=\"column\">\n\t\t\t<div class=\"elementor-widget-wrap elementor-element-populated\">\n\t\t\t\t\t\t<div class=\"plus-conditions--hidden elementor-element elementor-element-7f65656 elementor-align-left elementor-widget elementor-widget-button\" data-id=\"7f65656\" data-element_type=\"widget\" data-settings=\"{&quot;tp_display_rules_enable&quot;:&quot;yes&quot;,&quot;tp_display_rules_output&quot;:&quot;yes&quot;}\" data-widget_type=\"button.default\">\n\t\t\t\t<div class=\"elementor-widget-container\">\n\t\t\t\t\t\t\t\t\t<div class=\"elementor-button-wrapper\">\n\t\t\t\t\t<a class=\"elementor-button elementor-button-link elementor-size-sm\" href=\"https:\/\/fea-vee.eu\/view\/events-moderator\/\" target=\"_blank\">\n\t\t\t\t\t\t<span class=\"elementor-button-content-wrapper\">\n\t\t\t\t\t\t\t\t\t<span class=\"elementor-button-text\">Moderate<\/span>\n\t\t\t\t\t<\/span>\n\t\t\t\t\t<\/a>\n\t\t\t\t<\/div>\n\t\t\t\t\t\t\t\t<\/div>\n\t\t\t\t<\/div>\n\t\t\t\t\t<\/div>\n\t\t<\/div>\n\t\t\t\t<div class=\"elementor-column elementor-col-50 elementor-inner-column elementor-element elementor-element-7adbea8\" data-id=\"7adbea8\" data-element_type=\"column\">\n\t\t\t<div class=\"elementor-widget-wrap elementor-element-populated\">\n\t\t\t\t\t\t<div class=\"elementor-element elementor-element-02c3b08 elementor-align-right elementor-widget elementor-widget-button\" data-id=\"02c3b08\" data-element_type=\"widget\" data-widget_type=\"button.default\">\n\t\t\t\t<div class=\"elementor-widget-container\">\n\t\t\t\t\t\t\t\t\t<div class=\"elementor-button-wrapper\">\n\t\t\t\t\t<a class=\"elementor-button elementor-button-link elementor-size-sm\" href=\"https:\/\/fea-vee.eu\/add-new-event\/\" target=\"_blank\">\n\t\t\t\t\t\t<span class=\"elementor-button-content-wrapper\">\n\t\t\t\t\t\t\t\t\t<span class=\"elementor-button-text\">Add new<\/span>\n\t\t\t\t\t<\/span>\n\t\t\t\t\t<\/a>\n\t\t\t\t<\/div>\n\t\t\t\t\t\t\t\t<\/div>\n\t\t\t\t<\/div>\n\t\t\t\t\t<\/div>\n\t\t<\/div>\n\t\t\t\t\t<\/div>\n\t\t<\/section>\n\t\t\t\t\t<\/div>\n\t\t<\/div>\n\t\t\t\t\t<\/div>\n\t\t<\/section>\n\t\t\t\t<section class=\"elementor-section elementor-top-section elementor-element elementor-element-1762cbc elementor-section-boxed elementor-section-height-default elementor-section-height-default\" data-id=\"1762cbc\" data-element_type=\"section\">\n\t\t\t\t\t\t<div class=\"elementor-container elementor-column-gap-default\">\n\t\t\t\t\t<div class=\"elementor-column elementor-col-100 elementor-top-column elementor-element elementor-element-009bee3\" data-id=\"009bee3\" data-element_type=\"column\">\n\t\t\t<div class=\"elementor-widget-wrap elementor-element-populated\">\n\t\t\t\t\t\t<div class=\"elementor-element elementor-element-9253e7d elementor-widget elementor-widget-shortcode\" data-id=\"9253e7d\" data-element_type=\"widget\" data-widget_type=\"shortcode.default\">\n\t\t\t\t<div class=\"elementor-widget-container\">\n\t\t\t\t\t\t\t<div class=\"elementor-shortcode\"><div id=\"gv-view-9153-1\"><link rel='stylesheet' id='dashicons-css' href='https:\/\/fea-vee.eu\/wp-includes\/css\/dashicons.min.css?ver=6.9.4' type='text\/css' media='all' \/>\n\t\t<div class=\"gv-grid gv-widgets-header gv-widgets-no-results\">\n\t\t\t\t\t\t\t<div class=\"gv-grid-row\">\n\t\t\t\t\t\t\t\t\t<div class=\"gv-grid-col-1-1 gv-left\">\n\t\t\t\t\t\t\n<form class=\"gv-widget-search gv-search-horizontal\" method=\"get\" action=\"https:\/\/fea-vee.eu\/ro\/eventsnew\/#gv-view-9153-1\" data-viewid=\"9153\">\n\n\t<div class=\"gv-search-box gv-search-field-select\">\n\t\t\t<label for=\"search-box-filter_6\">Country<\/label>\n\t\t<p>\n\t\t<select name=\"filter_6\" id=\"search-box-filter_6\">\n\t\t\t<option value=\"\"  selected='selected'>&mdash;<\/option>\n\t\t\t\t\t\t\t\t\t\t\t\t<option value=\"\"  selected='selected'><\/option>\n\t\t\t\t\t\t\t\t\t\t\t\t\t\t\t\t<option value=\"Greece\" >Greece<\/option>\n\t\t\t\t\t\t\t\t\t\t\t\t\t\t\t\t<option value=\"Bulgaria\" >Bulgaria<\/option>\n\t\t\t\t\t\t\t\t\t\t\t\t\t\t\t\t<option value=\"Romania\" >Romania<\/option>\n\t\t\t\t\t\t\t\t\t\t\t\t\t\t\t\t<option value=\"Germany\" >Germany<\/option>\n\t\t\t\t\t\t\t\t\t\t\t\t\t\t\t\t<option value=\"Sweden\" >Sweden<\/option>\n\t\t\t\t\t\t\t\t\t\t\t\t\t\t\t\t<option value=\"Spain\" >Spain<\/option>\n\t\t\t\t\t\t\t\t\t\t\t\t\t\t\t\t<option value=\"Other\" >Other<\/option>\n\t\t\t\t\t\t\t\t\t<\/select>\n\t<\/p>\n<\/div>\n<div class=\"gv-search-box gv-search-field-select\">\n\t\t\t<label for=\"search-box-filter_7\">Language of the event<\/label>\n\t\t<p>\n\t\t<select name=\"filter_7\" id=\"search-box-filter_7\">\n\t\t\t<option value=\"\"  selected='selected'>&mdash;<\/option>\n\t\t\t\t\t\t\t\t\t\t\t\t<option value=\"English\" >English<\/option>\n\t\t\t\t\t\t\t\t\t\t\t\t\t\t\t\t<option value=\"Greek\" >Greek<\/option>\n\t\t\t\t\t\t\t\t\t\t\t\t\t\t\t\t<option value=\"Bulgarian\" >Bulgarian<\/option>\n\t\t\t\t\t\t\t\t\t\t\t\t\t\t\t\t<option value=\"Romanian\" >Romanian<\/option>\n\t\t\t\t\t\t\t\t\t\t\t\t\t\t\t\t<option value=\"German\" >German<\/option>\n\t\t\t\t\t\t\t\t\t\t\t\t\t\t\t\t<option value=\"Spanish\" >Spanish<\/option>\n\t\t\t\t\t\t\t\t\t\t\t\t\t\t\t\t<option value=\"Swedish\" >Swedish<\/option>\n\t\t\t\t\t\t\t\t\t\t\t\t\t\t\t\t<option value=\"Other\" >Other<\/option>\n\t\t\t\t\t\t\t\t\t<\/select>\n\t<\/p>\n<\/div>\n<div class=\"gv-search-box gv-search-field-select\">\n\t\t\t<label for=\"search-box-filter_4\">Event format<\/label>\n\t\t<p>\n\t\t<select name=\"filter_4\" id=\"search-box-filter_4\">\n\t\t\t<option value=\"\"  selected='selected'>&mdash;<\/option>\n\t\t\t\t\t\t\t\t\t\t\t\t<option value=\"on site\" >on site<\/option>\n\t\t\t\t\t\t\t\t\t\t\t\t\t\t\t\t<option value=\"online\" >online<\/option>\n\t\t\t\t\t\t\t\t\t\t\t\t\t\t\t\t<option value=\"hybrid\" >hybrid<\/option>\n\t\t\t\t\t\t\t\t\t<\/select>\n\t<\/p>\n<\/div>\n\n<div class=\"gv-search-box gv-search-field-text gv-search-field-search_all\">\n\t<div class=\"gv-search\">\n\t\t\t<label for=\"gv_search_9153\">Caut\u0103 \u00cenregistr\u0103ri:<\/label>\n\t\t\t<p><input type=\"search\" name=\"gv_search\" id=\"gv_search_9153\" value=\"\" \/><\/p>\n\t<\/div>\n<\/div>\n<div class=\"gv-search-box gv-search-box-submit\">\n\t\t<input type=\"hidden\" name=\"mode\" value=\"all\" \/>\n\t<input type=\"submit\" class=\"button gv-search-button\" id=\"gv_search_button_9153\" value=\"Caut\u0103\" \/>\n<\/div>\n<\/form>\n\t\t\t\t\t<\/div>\n\t\t\t\t\t\t\t\t<\/div>\n\t\t\t\t\t\t\t<div class=\"gv-grid-row\">\n\t\t\t\t\t\t\t\t\t<div class=\"gv-grid-col-1-2 left gv-left\">\n\t\t\t\t\t\t\t\t\t\t\t<\/div>\n\t\t\t\t\t\t\t\t\t<div class=\"gv-grid-col-1-2 right gv-right\">\n\t\t\t\t\t\t\t\t\t\t\t<\/div>\n\t\t\t\t\t\t\t\t<\/div>\n\t\t\t\t\t<\/div>\n\n\t\t<div id=\"gv-datatables-9153\" class=\"gv-datatables-container gv-container gv-container-9153 gv-container-no-results\">\n<table data-viewid=\"9153\" class=\"gv-datatables display dataTable\">\n\t<thead>\n\t\t\t\t<tr>\n\t\t\t<th id=\"gv-field-1-1\" class=\"gv-field-1-1 \"  scope=\"col\"><span class=\"gv-field-label\">Title of the event<\/span><\/th><th id=\"gv-field-1-6\" class=\"gv-field-1-6 \"  scope=\"col\"><span class=\"gv-field-label\">Country<\/span><\/th><th id=\"gv-field-1-4\" class=\"gv-field-1-4 \"  scope=\"col\"><span class=\"gv-field-label\">Event format<\/span><\/th><th id=\"gv-field-1-3\" class=\"gv-field-1-3 \"  scope=\"col\"><span class=\"gv-field-label\">Date of the event<\/span><\/th><th id=\"gv-field-1-16\" class=\"gv-field-1-16 \"  scope=\"col\"><span class=\"gv-field-label\">Image<\/span><\/th>\t\t<\/tr>\n\t<\/thead>\n\t<tfoot>\n\t\t<tr>\n\t\t\t<th id=\"gv-field-1-1\" class=\"gv-field-1-1 \"  scope=\"col\"><span class=\"gv-field-label\">Title of the event<\/span><\/th><th id=\"gv-field-1-6\" class=\"gv-field-1-6 \"  scope=\"col\"><span class=\"gv-field-label\">Country<\/span><\/th><th id=\"gv-field-1-4\" class=\"gv-field-1-4 \"  scope=\"col\"><span class=\"gv-field-label\">Event format<\/span><\/th><th id=\"gv-field-1-3\" class=\"gv-field-1-3 \"  scope=\"col\"><span class=\"gv-field-label\">Date of the event<\/span><\/th><th id=\"gv-field-1-16\" class=\"gv-field-1-16 \"  scope=\"col\"><span class=\"gv-field-label\">Image<\/span><\/th>\t\t<\/tr>\n\t\t\t<\/tfoot>\n<\/table>\n<\/div><!-- end .gv-datatables-container -->\n<script type=\"text\/javascript\">\n            window._bbssoDOMReady = function (callback) {\n                if ( document.readyState === \"complete\" || document.readyState === \"interactive\" ) {\n                    callback();\n                } else {\n                    document.addEventListener( \"DOMContentLoaded\", callback );\n                }\n            };\n            <\/script>\t\t<style>\n\t\t\t.fancybox-container {\n\t\t\t\tz-index: 100000; \/** Divi is 99999 *\/\n\t\t\t}\n\n\t\t\t.admin-bar .fancybox-container {\n\t\t\t\tmargin-top: 32px;\n\t\t\t}\n\t\t<\/style>\n\t\t<script>\n\t\t\tif ( window.Fancybox ){\n\t\t\t\tFancybox.bind(\".gravityview-fancybox\", {\"animationEffect\":\"fade\",\"toolbar\":true,\"closeExisting\":true,\"arrows\":true,\"buttons\":[\"thumbs\",\"close\"],\"i18n\":{\"en\":{\"CLOSE\":\"\\u00cenchide\",\"NEXT\":\"Urm\\u0103torul\",\"PREV\":\"Anterior\",\"ERROR\":\"Con\\u021binutul solicitat nu poate fi \\u00eenc\\u0103rcat. V\\u0103 rug\\u0103m s\\u0103 \\u00eencerca\\u021bi din nou mai t\\u00e2rziu.\",\"PLAY_START\":\"Porne\\u0219te prezentarea\",\"PLAY_STOP\":\"Pauz\\u0103 prezentare\",\"FULL_SCREEN\":\"Ecran complet\",\"THUMBS\":\"Miniaturi\",\"DOWNLOAD\":\"Desc\\u0103rcare\",\"SHARE\":\"Distribuie\",\"ZOOM\":\"Zoom\"}}});\n\t\t\t}\n\t\t<\/script>\n\t\t\t\t<script type=\"text\/javascript\">\n\t\t\t\t\tif ( ! window.gvDTglobals ) {\n\t\t\t\t\t\twindow.gvDTglobals = [];\n\t\t\t\t\t}\n\n\t\t\t\t\twindow.gvDTglobals.push({\"processing\":true,\"deferRender\":true,\"serverSide\":true,\"retrieve\":true,\"stateSave\":true,\"stateDuration\":-1,\"lengthMenu\":[[10,25,50,-1],[10,25,50,\"Toate\"]],\"language\":{\"processing\":\"Proceseaz\\u0103...\",\"lengthMenu\":\"Afi\\u0219eaz\\u0103 _MENU_ \\u00eenregistr\\u0103ri pe pagin\\u0103\",\"zeroRecords\":\"Nu am g\\u0103sit nimic - ne pare r\\u0103u\",\"info\":\"Afi\\u0219ate de la _START_ la _END_ din _TOTAL_ \\u00eenregistr\\u0103ri\",\"infoEmpty\":\"Afi\\u0219ate de la 0 la 0 din 0 \\u00eenregistr\\u0103ri\",\"infoFiltered\":\"(filtrate dintr-un total de _MAX_ \\u00eenregistr\\u0103ri)\",\"search\":\"Caut\\u0103:\",\"aria\":{\"sortAscending\":\"Sorteaz\\u0103 ascendent\",\"sortDescending\":\"Sorteaz\\u0103 descendent\"},\"autoFill\":{\"cancel\":\"Anuleaz\\u0103\",\"fill\":\"Completeaz\\u0103\",\"fillVertical\":\"Completeaz\\u0103 celule vertical\",\"fillHorizontal\":\"Completez\\u0103 celule orizonal\"},\"buttons\":{\"csv\":\"CSV\",\"excel\":\"Excel\",\"pageLength\":{\"-1\":\"Arat\\u0103 toate r\\u00e2ndurile\",\"_\":\"Arat\\u0103 %d r\\u00e2nduri\"},\"pdf\":\"PDF\",\"print\":\"Imprim\\u0103\",\"collection\":\"Colec\\u021bie\",\"colvis\":\"Vizibilitate coloane\",\"copy\":\"Copie\",\"copyTitle\":\"Copie \\u00een Clipboard\",\"colvisRestore\":\"Resetare vizibilitate\",\"copyKeys\":\"Apas\\u0103 ctrl sau u2318 + C pentru a copia datele din tabel \\u00een clipboard-ul sistemului.<br \\\/><br \\\/>Pentru a anula, da\\u021bi clic pe acest mesaj sau ap\\u0103sa\\u021bi pe Escape.\",\"createState\":\"Creeaz\\u0103 Stare\",\"removeAllStates\":\"\\u00cenl\\u0103tur\\u0103 Toate St\\u0103rile\",\"removeState\":\"\\u00cenl\\u0103tur\\u0103\",\"renameState\":\"Redenume\\u0219te\",\"savedStates\":\"Salveaz\\u0103 St\\u0103ri\"},\"searchBuilder\":{\"add\":\"Adaug\\u0103\",\"value\":\"Valoare\",\"condition\":\"Condi\\u021bie\",\"data\":\"Data\",\"logicAnd\":\"\\u0218i\",\"logicOr\":\"Sau\",\"button\":{\"0\":\"Generator de c\\u0103utare\",\"_\":\"Generator de c\\u0103utare (%d)\"},\"clearAll\":\"Curata tot\",\"conditions\":{\"date\":{\"after\":\"Dup\\u0103\",\"before\":\"Inainte de\",\"between\":\"\\u00centre\",\"empty\":\"Gol\"}},\"deleteTitle\":\"\\u0218terge\\u021bi regula de filtrare\",\"leftTitle\":\"Criterii Outdent\",\"rightTitle\":\"Criterii de indentare\",\"title\":{\"0\":\"Generator de c\\u0103utare\",\"_\":\"Generator de c\\u0103utare (%d)\"}},\"loadingRecords\":\"\\u00cencarc\\u0103...\",\"datetime\":{\"previous\":\"Precedent\\u0103\",\"next\":\"Urm\\u0103toare\",\"hours\":\"Ore\",\"minutes\":\"Minute\",\"seconds\":\"Secunde\",\"unknown\":\"Necunoscut\",\"amPm\":[\"AM\",\"PM\"],\"weekdays\":[\"lun\",\"Mar\",\"Mer\",\"Joi\",\"Vin\",\"Sam\",\"Dum\"],\"months\":[\"Ianuarie\",\"Februarie\",\"Martie\",\"Aprilie\",\"Mai\",\"Iunie\",\"Iulie\",\"August\",\"Septembrie\",\"Octombrie\",\"Noiembrie\",\"Decembrie\"]},\"editor\":{\"create\":{\"button\":\"Nou\",\"title\":\"Creaz\\u0103 o intrare nou\\u0103\",\"submit\":\"Creaz\\u0103\"},\"edit\":{\"button\":\"Editeaz\\u0103\",\"submit\":\"Editeaz\\u0103\",\"title\":\"Editeaz\\u0103 r\\u00e2nd\"},\"remove\":{\"button\":\"\\u0218terge\",\"title\":\"\\u0218terge\",\"submit\":\"\\u0218terge\",\"confirm\":{\"_\":\"Sigur dori\\u021bi s\\u0103 \\u0219terge\\u021bi %d r\\u00e2nduri?\",\"1\":\"Sigur dori\\u021bi s\\u0103 \\u0219terge\\u021bi 1 r\\u00e2nd?\"}},\"close\":\"\\u00cenchide\",\"error\":{\"system\":\"A ap\\u0103rut o eroare.\"},\"multi\":{\"title\":\"Valori multiple\",\"info\":\"Elementele selectate con\\u021bin valori diferite pentru aceast\\u0103 intrare. Pentru a edita \\u0219i a seta toate elementele pentru aceast\\u0103 intrare la aceea\\u0219i valoare, face\\u021bi clic sau atinge\\u021bi aici, altfel \\u00ee\\u0219i vor p\\u0103stra valorile individuale.\",\"restore\":\"Anuleaz\\u0103 modific\\u0103rile\",\"noMulti\":\"Aceast\\u0103 intrare poate fi editat\\u0103 individual, dar nu face parte dintr-un grup.\"}},\"decimal\":\",\",\"emptyTable\":\"Nu exist\\u0103 date \\u00een tabel\",\"searchPlaceholder\":\"Caut\\u0103 \\u00een tabel\",\"thousands\":\".\",\"infoThousands\":\".\",\"paginate\":{\"first\":\"Prima pagin\\u0103\",\"last\":\"Ultima pagin\\u0103\",\"next\":\"Pagina urm\\u0103toare\",\"previous\":\"Pagina precedent\\u0103\"}},\"ajax\":{\"url\":\"https:\\\/\\\/fea-vee.eu\\\/wp-admin\\\/admin-ajax.php\",\"type\":\"POST\",\"data\":{\"action\":\"gv_datatables_data\",\"view_id\":9153,\"post_id\":9619,\"nonce\":\"0df17ae783\",\"getData\":false,\"hideUntilSearched\":\"0\",\"setUrlOnSearch\":true,\"noEntriesOption\":0,\"redirectURL\":\"\",\"shortcode_atts\":{\"id\":9153,\"class\":\"\",\"detail\":null}}},\"pageLength\":25,\"columns\":[{\"name\":\"gv_1\",\"width\":null,\"form_id\":\"1\",\"className\":\"\",\"type\":\"string\",\"field_type\":\"text\"},{\"name\":\"gv_6\",\"width\":null,\"form_id\":\"1\",\"className\":\"\",\"type\":\"string\",\"field_type\":\"select\"},{\"name\":\"gv_4\",\"width\":null,\"form_id\":\"1\",\"className\":\"\",\"type\":\"string\",\"field_type\":\"radio\"},{\"name\":\"gv_3\",\"width\":null,\"form_id\":\"1\",\"className\":\"\",\"type\":\"num\",\"field_type\":\"date\"},{\"name\":\"gv_16\",\"width\":null,\"form_id\":\"1\",\"className\":\"\",\"type\":\"string\",\"field_type\":\"post_image\"}],\"order\":[[3,\"desc\"]],\"searching\":true,\"dom\":\"Blrtip\"});\n\t\t<\/script>\n\t\t\t\t\t<script type=\"text\/javascript\">\n\t\t\t\tif (!window.gvDTFixedHeaderColumns) {\n\t\t\t\t\twindow.gvDTFixedHeaderColumns = [];\n\t\t\t\t}\n\n\t\t\t\twindow.gvDTFixedHeaderColumns.push({\"fixedheader\":0,\"fixedcolumns\":0});\n\t\t\t<\/script>\n\t\t\t\t\t<script type=\"text\/javascript\">\n\t\t\t\tif (!window.gvDTResponsive) {\n\t\t\t\t\twindow.gvDTResponsive = [];\n\t\t\t\t}\n\n\t\t\t\twindow.gvDTResponsive.push({\"responsive\":0});\n\t\t\t<\/script>\n\t\t\t\t<div class=\"gv-grid gv-widgets-footer gv-widgets-no-results\">\n\t\t\t\t\t\t\t<div class=\"gv-grid-row\">\n\t\t\t\t\t\t\t\t\t<div class=\"gv-grid-col-1-2 left gv-left\">\n\t\t\t\t\t\t\t\t\t\t\t<\/div>\n\t\t\t\t\t\t\t\t\t<div class=\"gv-grid-col-1-2 right gv-right\">\n\t\t\t\t\t\t\t\t\t\t\t<\/div>\n\t\t\t\t\t\t\t\t<\/div>\n\t\t\t\t\t<\/div>\n\n\t\t<input type=\"hidden\" class=\"gravityview-view-id\" value=\"9153\"><\/div><\/div>\n\t\t\t\t\t\t<\/div>\n\t\t\t\t<\/div>\n\t\t\t\t\t<\/div>\n\t\t<\/div>\n\t\t\t\t\t<\/div>\n\t\t<\/section>\n\t\t\t\t<\/div>\n\t\t","protected":false},"excerpt":{"rendered":"<p>Moderate Add new<\/p>\n","protected":false},"author":4,"featured_media":0,"parent":0,"menu_order":0,"comment_status":"closed","ping_status":"closed","template":"","meta":{"footnotes":""},"class_list":["post-9619","page","type-page","status-publish","hentry"],"_links":{"self":[{"href":"https:\/\/fea-vee.eu\/ro\/wp-json\/wp\/v2\/pages\/9619","targetHints":{"allow":["GET"]}}],"collection":[{"href":"https:\/\/fea-vee.eu\/ro\/wp-json\/wp\/v2\/pages"}],"about":[{"href":"https:\/\/fea-vee.eu\/ro\/wp-json\/wp\/v2\/types\/page"}],"author":[{"embeddable":true,"href":"https:\/\/fea-vee.eu\/ro\/wp-json\/wp\/v2\/users\/4"}],"replies":[{"embeddable":true,"href":"https:\/\/fea-vee.eu\/ro\/wp-json\/wp\/v2\/comments?post=9619"}],"version-history":[{"count":1,"href":"https:\/\/fea-vee.eu\/ro\/wp-json\/wp\/v2\/pages\/9619\/revisions"}],"predecessor-version":[{"id":9620,"href":"https:\/\/fea-vee.eu\/ro\/wp-json\/wp\/v2\/pages\/9619\/revisions\/9620"}],"wp:attachment":[{"href":"https:\/\/fea-vee.eu\/ro\/wp-json\/wp\/v2\/media?parent=9619"}],"curies":[{"name":"wp","href":"https:\/\/api.w.org\/{rel}","templated":true}]}}