{"id":2724,"date":"2023-03-20T11:50:17","date_gmt":"2023-03-20T11:50:17","guid":{"rendered":"https:\/\/fea-vee.eu\/platforma-de-cooperare\/"},"modified":"2023-03-20T11:50:17","modified_gmt":"2023-03-20T11:50:17","slug":"platforma-de-cooperare","status":"publish","type":"page","link":"https:\/\/fea-vee.eu\/ro\/platforma-de-cooperare\/","title":{"rendered":"Platforma de cooperare"},"content":{"rendered":"\t\t<div data-elementor-type=\"wp-page\" data-elementor-id=\"2724\" class=\"elementor elementor-2724 elementor-2473\" data-elementor-post-type=\"page\">\n\t\t\t\t\t\t<section class=\"elementor-section elementor-top-section elementor-element elementor-element-c722b5f elementor-section-boxed elementor-section-height-default elementor-section-height-default\" data-id=\"c722b5f\" data-element_type=\"section\">\n\t\t\t\t\t\t<div class=\"elementor-container elementor-column-gap-default\">\n\t\t\t\t\t<div class=\"elementor-column elementor-col-100 elementor-top-column elementor-element elementor-element-e175bd7\" data-id=\"e175bd7\" data-element_type=\"column\">\n\t\t\t<div class=\"elementor-widget-wrap elementor-element-populated\">\n\t\t\t\t\t\t<div class=\"elementor-element elementor-element-713ba46 elementor-widget elementor-widget-image\" data-id=\"713ba46\" data-element_type=\"widget\" data-widget_type=\"image.default\">\n\t\t\t\t<div class=\"elementor-widget-container\">\n\t\t\t\t\t\t\t\t\t\t\t\t\t\t\t<img fetchpriority=\"high\" decoding=\"async\" width=\"600\" height=\"600\" src=\"https:\/\/fea-vee.eu\/wp-content\/uploads\/2022\/08\/about-home-page-06.png\" class=\"attachment-large size-large wp-image-1308\" alt=\"\" srcset=\"https:\/\/fea-vee.eu\/wp-content\/uploads\/2022\/08\/about-home-page-06.png 600w, https:\/\/fea-vee.eu\/wp-content\/uploads\/2022\/08\/about-home-page-06-300x300.png 300w, https:\/\/fea-vee.eu\/wp-content\/uploads\/2022\/08\/about-home-page-06-150x150.png 150w\" sizes=\"(max-width: 600px) 100vw, 600px\" \/>\t\t\t\t\t\t\t\t\t\t\t\t\t\t\t<\/div>\n\t\t\t\t<\/div>\n\t\t\t\t<div class=\"elementor-element elementor-element-2f85f8f elementor-widget elementor-widget-heading\" data-id=\"2f85f8f\" data-element_type=\"widget\" data-widget_type=\"heading.default\">\n\t\t\t\t<div class=\"elementor-widget-container\">\n\t\t\t\t\t<h2 class=\"elementor-heading-title elementor-size-default\">Platforma de cooperare <\/h2>\t\t\t\t<\/div>\n\t\t\t\t<\/div>\n\t\t\t\t<div class=\"elementor-element elementor-element-639bcee elementor-widget elementor-widget-text-editor\" data-id=\"639bcee\" data-element_type=\"widget\" data-widget_type=\"text-editor.default\">\n\t\t\t\t<div class=\"elementor-widget-container\">\n\t\t\t\t\t\t\t\t\t<p>Platforma de cooperare FEA-VEE este \u00een prezent \u00een construc\u021bie \u0219i va fi disponibil\u0103 \u00een ianuarie 2024.<\/p>\n<p>Ce este platforma de cooperare FEA-VEE?<\/p>\n<ul>\n<li>O modalitate de conectare a tuturor p\u0103r\u021bilor interesate relevante din industria modei (antreprenori, companii, asocia\u021bii, cursan\u021bi, absolven\u021bi, furnizori de formare profesional\u0103 etc.) la nivel na\u021bional \u0219i interna\u021bional<\/li>\n<li>Un loc \u00een care se pot g\u0103si oportunit\u0103\u021bi de angajare\/formare\/cooperare<\/li>\n<\/ul>\n<p>R\u0103m\u00e2ne\u021bi la curent!<\/p>\n\t\t\t\t\t\t\t\t<\/div>\n\t\t\t\t<\/div>\n\t\t\t\t\t<\/div>\n\t\t<\/div>\n\t\t\t\t\t<\/div>\n\t\t<\/section>\n\t\t\t\t<\/div>\n\t\t","protected":false},"excerpt":{"rendered":"<p>Platforma de cooperare Platforma de cooperare FEA-VEE este \u00een prezent \u00een construc\u021bie \u0219i va fi disponibil\u0103 \u00een ianuarie 2024. Ce este platforma de cooperare FEA-VEE?&hellip;<\/p>\n","protected":false},"author":2,"featured_media":0,"parent":0,"menu_order":0,"comment_status":"closed","ping_status":"closed","template":"","meta":{"footnotes":""},"class_list":["post-2724","page","type-page","status-publish","hentry"],"_links":{"self":[{"href":"https:\/\/fea-vee.eu\/ro\/wp-json\/wp\/v2\/pages\/2724","targetHints":{"allow":["GET"]}}],"collection":[{"href":"https:\/\/fea-vee.eu\/ro\/wp-json\/wp\/v2\/pages"}],"about":[{"href":"https:\/\/fea-vee.eu\/ro\/wp-json\/wp\/v2\/types\/page"}],"author":[{"embeddable":true,"href":"https:\/\/fea-vee.eu\/ro\/wp-json\/wp\/v2\/users\/2"}],"replies":[{"embeddable":true,"href":"https:\/\/fea-vee.eu\/ro\/wp-json\/wp\/v2\/comments?post=2724"}],"version-history":[{"count":1,"href":"https:\/\/fea-vee.eu\/ro\/wp-json\/wp\/v2\/pages\/2724\/revisions"}],"predecessor-version":[{"id":2725,"href":"https:\/\/fea-vee.eu\/ro\/wp-json\/wp\/v2\/pages\/2724\/revisions\/2725"}],"wp:attachment":[{"href":"https:\/\/fea-vee.eu\/ro\/wp-json\/wp\/v2\/media?parent=2724"}],"curies":[{"name":"wp","href":"https:\/\/api.w.org\/{rel}","templated":true}]}}