{"id":2059,"date":"2022-11-03T08:19:48","date_gmt":"2022-11-03T08:19:48","guid":{"rendered":"https:\/\/fea-vee.eu\/experientele\/"},"modified":"2025-06-05T11:56:57","modified_gmt":"2025-06-05T11:56:57","slug":"experientele","status":"publish","type":"page","link":"https:\/\/fea-vee.eu\/ro\/experientele\/","title":{"rendered":"Experien\u021bele"},"content":{"rendered":"\t\t<div data-elementor-type=\"wp-page\" data-elementor-id=\"2059\" class=\"elementor elementor-2059 elementor-276\" data-elementor-post-type=\"page\">\n\t\t\t\t\t\t<section class=\"elementor-section elementor-top-section elementor-element elementor-element-2d8cf3d elementor-section-boxed elementor-section-height-default elementor-section-height-default\" data-id=\"2d8cf3d\" data-element_type=\"section\">\n\t\t\t\t\t\t\t<div class=\"elementor-background-overlay\"><\/div>\n\t\t\t\t\t\t\t<div class=\"elementor-container elementor-column-gap-default\">\n\t\t\t\t\t<div class=\"elementor-column elementor-col-100 elementor-top-column elementor-element elementor-element-3ed2683\" data-id=\"3ed2683\" data-element_type=\"column\">\n\t\t\t<div class=\"elementor-widget-wrap elementor-element-populated\">\n\t\t\t\t\t\t<div class=\"elementor-element elementor-element-284985b elementor-widget elementor-widget-tp-image-factory\" data-id=\"284985b\" data-element_type=\"widget\" data-widget_type=\"tp-image-factory.default\">\n\t\t\t\t<div class=\"elementor-widget-container\">\n\t\t\t\t\t<div id=\"plus69f0222936cec\" class=\"plus-adv-text-widget plus-widget-wrapper    image-floating\"  ><div class=\"plus-widget-inner-wrap   \"  ><div id=\"plus69f02229372ab\" class=\"pt-plus-animated-image-wrapper      image-floating\" ><div class=\"animated-image-parallax   \" ><div class=\"pt_plus_animated_image bg-image69f02229372a5 text-center  \"  > <figure class=\"     \"  ><div class=\"vc_single_image-wrapper   \"><img fetchpriority=\"high\" decoding=\"async\" width=\"600\" height=\"600\" src=\"https:\/\/fea-vee.eu\/wp-content\/uploads\/2025\/06\/soryboard-hero.png\" class=\"attachment-full size-full wp-image-9412\" alt=\"\" srcset=\"https:\/\/fea-vee.eu\/wp-content\/uploads\/2025\/06\/soryboard-hero.png 600w, https:\/\/fea-vee.eu\/wp-content\/uploads\/2025\/06\/soryboard-hero-300x300.png 300w, https:\/\/fea-vee.eu\/wp-content\/uploads\/2025\/06\/soryboard-hero-150x150.png 150w\" sizes=\"(max-width: 600px) 100vw, 600px\" \/><\/div> <\/figure> <\/div><\/div><\/div><\/div><\/div>\t\t\t\t<\/div>\n\t\t\t\t<\/div>\n\t\t\t\t<div class=\"elementor-element elementor-element-7e7929d elementor-widget elementor-widget-tp-heading-title\" data-id=\"7e7929d\" data-element_type=\"widget\" data-widget_type=\"tp-heading-title.default\">\n\t\t\t\t<div class=\"elementor-widget-container\">\n\t\t\t\t\t<div class=\"heading heading_style heading_style69f0222939e2d style-6 \" ><div class=\"sub-style \"  ><div class=\"vertical-divider top\"> <\/div><div class=\"head-title \" > <h1  class=\"heading-title   \"   data-hover=\"Storyboard\">Storyboard<\/h1><\/div><div class=\"sub-heading\"><h4 class=\"heading-sub-title  \"> experien\u021bele participan\u021bilor <\/h4><\/div><div class=\"vertical-divider bottom\"> <\/div><\/div><\/div>\t\t\t\t<\/div>\n\t\t\t\t<\/div>\n\t\t\t\t<div class=\"elementor-element elementor-element-7b0e1fd elementor-widget elementor-widget-text-editor\" data-id=\"7b0e1fd\" data-element_type=\"widget\" data-widget_type=\"text-editor.default\">\n\t\t\t\t<div class=\"elementor-widget-container\">\n\t\t\t\t\t\t\t\t\t<p>Sec\u021biunea Storyboard este o colec\u021bie de c\u0103l\u0103torii personale \u00een cadrul proiectului FEA-VEE. Este un spa\u021biu \u00een care participan\u021bii \u00ee\u0219i \u00eemp\u0103rt\u0103\u0219esc pove\u0219tile unice, prezent\u00e2nd modul \u00een care acest proiect le-a modelat \u00eenv\u0103\u021barea, i-a conectat cu ceilal\u021bi, le-a deschis calea c\u0103tre noi oportunit\u0103\u021bi.<br \/><br \/><\/p><p>Este un cadru instantaneu al experien\u021belor diverse \u0219i de impact care definesc esen\u021ba acestei ini\u021biative.<\/p>\t\t\t\t\t\t\t\t<\/div>\n\t\t\t\t<\/div>\n\t\t\t\t<div class=\"elementor-element elementor-element-143e8fc elementor-widget elementor-widget-spacer\" data-id=\"143e8fc\" data-element_type=\"widget\" data-widget_type=\"spacer.default\">\n\t\t\t\t<div class=\"elementor-widget-container\">\n\t\t\t\t\t\t\t<div class=\"elementor-spacer\">\n\t\t\t<div class=\"elementor-spacer-inner\"><\/div>\n\t\t<\/div>\n\t\t\t\t\t\t<\/div>\n\t\t\t\t<\/div>\n\t\t\t\t<div class=\"elementor-element elementor-element-81ae826 elementor-widget elementor-widget-heading\" data-id=\"81ae826\" data-element_type=\"widget\" data-widget_type=\"heading.default\">\n\t\t\t\t<div class=\"elementor-widget-container\">\n\t\t\t\t\t<h1 class=\"elementor-heading-title elementor-size-default\">Testimonials<\/h1>\t\t\t\t<\/div>\n\t\t\t\t<\/div>\n\t\t\t\t<div class=\"elementor-element elementor-element-898fbc0 elementor-widget__width-initial elementor-widget elementor-widget-text-editor\" data-id=\"898fbc0\" data-element_type=\"widget\" data-widget_type=\"text-editor.default\">\n\t\t\t\t<div class=\"elementor-widget-container\">\n\t\t\t\t\t\t\t\t\t<h3 style=\"text-align: center;\">28 learners from Greece, Bulgaria, Spain, Romania, Germany and Sweden participated in a 3-month internship in various companies and organizations in their countries as part of FEA-VEE.<\/h3><h3 style=\"text-align: center;\">This is what some of them had to say about this experience:<\/h3>\t\t\t\t\t\t\t\t<\/div>\n\t\t\t\t<\/div>\n\t\t\t\t<div class=\"elementor-element elementor-element-b415354 elementor-widget elementor-widget-spacer\" data-id=\"b415354\" data-element_type=\"widget\" data-widget_type=\"spacer.default\">\n\t\t\t\t<div class=\"elementor-widget-container\">\n\t\t\t\t\t\t\t<div class=\"elementor-spacer\">\n\t\t\t<div class=\"elementor-spacer-inner\"><\/div>\n\t\t<\/div>\n\t\t\t\t\t\t<\/div>\n\t\t\t\t<\/div>\n\t\t\t\t<div class=\"elementor-element elementor-element-302a544 elementor-testimonial--layout-image_stacked elementor-testimonial--skin-default elementor-testimonial--align-center elementor-arrows-yes elementor-widget elementor-widget-testimonial-carousel\" data-id=\"302a544\" data-element_type=\"widget\" data-settings=\"{&quot;speed&quot;:1000,&quot;autoplay_speed&quot;:6000,&quot;show_arrows&quot;:&quot;yes&quot;,&quot;autoplay&quot;:&quot;yes&quot;,&quot;loop&quot;:&quot;yes&quot;,&quot;pause_on_hover&quot;:&quot;yes&quot;,&quot;pause_on_interaction&quot;:&quot;yes&quot;,&quot;space_between&quot;:{&quot;unit&quot;:&quot;px&quot;,&quot;size&quot;:10,&quot;sizes&quot;:[]},&quot;space_between_laptop&quot;:{&quot;unit&quot;:&quot;px&quot;,&quot;size&quot;:10,&quot;sizes&quot;:[]},&quot;space_between_tablet&quot;:{&quot;unit&quot;:&quot;px&quot;,&quot;size&quot;:10,&quot;sizes&quot;:[]},&quot;space_between_mobile&quot;:{&quot;unit&quot;:&quot;px&quot;,&quot;size&quot;:10,&quot;sizes&quot;:[]}}\" data-widget_type=\"testimonial-carousel.default\">\n\t\t\t\t<div class=\"elementor-widget-container\">\n\t\t\t\t\t\t\t\t\t<div class=\"elementor-swiper\">\n\t\t\t\t\t<div class=\"elementor-main-swiper swiper\" role=\"region\" aria-roledescription=\"carousel\" aria-label=\"Testimonials\">\n\t\t\t\t<div class=\"swiper-wrapper\">\n\t\t\t\t\t\t\t\t\t\t\t<div class=\"swiper-slide\" role=\"group\" aria-roledescription=\"slide\">\n\t\t\t\t\t\t\t\t\t<div class=\"elementor-testimonial\">\n\t\t\t\t\t\t\t<div class=\"elementor-testimonial__content\">\n\t\t\t\t\t<div class=\"elementor-testimonial__text\">\n\t\t\t\t\t\t\u201cFEA-VEE a oferit o mare oportunitate de dezvoltare profesional\u0103 prin stagiul pe care mi l-au organizat. Echipa lor a fost extrem de sus\u021bin\u0103toare \u0219i implicat\u0103. Stagiul meu a fost un succes, ajut\u00e2ndu-m\u0103 s\u0103-mi extind cuno\u0219tin\u021bele \u0219i s\u0103-mi formez noi abilit\u0103\u021bi care \u00eemi vor fi utile \u00een viitoarea mea carier\u0103.\u201d\t\t\t\t\t<\/div>\n\t\t\t\t\t\t\t\t\t<\/div>\n\t\t\t\t\t\t<div class=\"elementor-testimonial__footer\">\n\t\t\t\t\t\t\t\t\t<div class=\"elementor-testimonial__image\">\n\t\t\t\t\t\t<img decoding=\"async\" src=\"https:\/\/fea-vee.eu\/wp-content\/uploads\/2025\/06\/Storyboard-Quote-1_.jpeg\" alt=\"Burchin, BULGARIA\">\n\t\t\t\t\t\t\t\t\t\t\t<\/div>\n\t\t\t\t\t\t\t\t<cite class=\"elementor-testimonial__cite\"><span class=\"elementor-testimonial__name\">Burchin, BULGARIA<\/span><span class=\"elementor-testimonial__title\">DESIGN DE MOD\u0102<\/span><\/cite>\t\t\t<\/div>\n\t\t<\/div>\n\t\t\t\t\t\t\t\t<\/div>\n\t\t\t\t\t\t\t\t\t\t\t<div class=\"swiper-slide\" role=\"group\" aria-roledescription=\"slide\">\n\t\t\t\t\t\t\t\t\t<div class=\"elementor-testimonial\">\n\t\t\t\t\t\t\t<div class=\"elementor-testimonial__content\">\n\t\t\t\t\t<div class=\"elementor-testimonial__text\">\n\t\t\t\t\t\t\u201c\u00centruc\u00e2t m\u0103 aflu \u00een cea de-a treia lun\u0103 a stagiului meu, am ocazia de a practica \u00eentr-un mediu foarte prietenos \u0219i creativ. Colaborarea mea cu proprietarul afacerii este foarte creativ\u0103 \u0219i am ocazia s\u0103 particip la proiectarea \u0219i crearea de costume tradi\u021bionale folosind tehnici speciale, dar \u0219i urm\u00e2nd tendin\u021bele modei. V\u0103 mul\u021bumesc, proiect FEA-VEE, pentru aceast\u0103 oportunitate!\u201d \t\t\t\t\t<\/div>\n\t\t\t\t\t\t\t\t\t<\/div>\n\t\t\t\t\t\t<div class=\"elementor-testimonial__footer\">\n\t\t\t\t\t\t\t\t\t<div class=\"elementor-testimonial__image\">\n\t\t\t\t\t\t<img decoding=\"async\" src=\"https:\/\/fea-vee.eu\/wp-content\/uploads\/2025\/06\/rep2_.jpg\" alt=\"Ioulia, GRECIA\">\n\t\t\t\t\t\t\t\t\t\t\t<\/div>\n\t\t\t\t\t\t\t\t<cite class=\"elementor-testimonial__cite\"><span class=\"elementor-testimonial__name\">Ioulia, GRECIA<\/span><span class=\"elementor-testimonial__title\">DESIGN GRAFIC<\/span><\/cite>\t\t\t<\/div>\n\t\t<\/div>\n\t\t\t\t\t\t\t\t<\/div>\n\t\t\t\t\t\t\t\t\t\t\t<div class=\"swiper-slide\" role=\"group\" aria-roledescription=\"slide\">\n\t\t\t\t\t\t\t\t\t<div class=\"elementor-testimonial\">\n\t\t\t\t\t\t\t<div class=\"elementor-testimonial__content\">\n\t\t\t\t\t<div class=\"elementor-testimonial__text\">\n\t\t\t\t\t\t\u201cProiectul FEA-VEE mi-a oferit \u00een sf\u00e2r\u0219it oportunitatea de a-mi aplica cuno\u0219tin\u021bele teoretice \u00een practic\u0103, \u00een timp ce \u00eenc\u0103 studiez.\u201d\t\t\t\t\t<\/div>\n\t\t\t\t\t\t\t\t\t<\/div>\n\t\t\t\t\t\t<div class=\"elementor-testimonial__footer\">\n\t\t\t\t\t\t\t\t\t<div class=\"elementor-testimonial__image\">\n\t\t\t\t\t\t<img decoding=\"async\" src=\"https:\/\/fea-vee.eu\/wp-content\/uploads\/2025\/06\/rep3_.jpeg\" alt=\"Marie, GERMANIA\">\n\t\t\t\t\t\t\t\t\t\t\t<\/div>\n\t\t\t\t\t\t\t\t<cite class=\"elementor-testimonial__cite\"><span class=\"elementor-testimonial__name\">Marie, GERMANIA<\/span><span class=\"elementor-testimonial__title\">DESIGN DE MOD\u0102<\/span><\/cite>\t\t\t<\/div>\n\t\t<\/div>\n\t\t\t\t\t\t\t\t<\/div>\n\t\t\t\t\t\t\t\t\t\t\t<div class=\"swiper-slide\" role=\"group\" aria-roledescription=\"slide\">\n\t\t\t\t\t\t\t\t\t<div class=\"elementor-testimonial\">\n\t\t\t\t\t\t\t<div class=\"elementor-testimonial__content\">\n\t\t\t\t\t<div class=\"elementor-testimonial__text\">\n\t\t\t\t\t\t\u201cMaterialul de \u00eenv\u0103\u021bare online al stagiului m-a ajutat s\u0103 \u00eemi \u00eembun\u0103t\u0103\u021besc foarte mult abilit\u0103\u021bile de comunicare vizual\u0103. Am \u00eenv\u0103\u021bat cum s\u0103 folosesc anumite elemente vizuale pentru a-mi exprima creativitatea \u00een cel mai bun mod posibil. De asemenea, am \u00eenv\u0103\u021bat c\u00e2teva tehnologii utile.\u201d\t\t\t\t\t<\/div>\n\t\t\t\t\t\t\t\t\t<\/div>\n\t\t\t\t\t\t<div class=\"elementor-testimonial__footer\">\n\t\t\t\t\t\t\t\t\t<div class=\"elementor-testimonial__image\">\n\t\t\t\t\t\t<img decoding=\"async\" src=\"https:\/\/fea-vee.eu\/wp-content\/uploads\/2025\/06\/rep4_.jpeg\" alt=\"Jakab, ROM\u00c2NIA\">\n\t\t\t\t\t\t\t\t\t\t\t<\/div>\n\t\t\t\t\t\t\t\t<cite class=\"elementor-testimonial__cite\"><span class=\"elementor-testimonial__name\">Jakab, ROM\u00c2NIA<\/span><span class=\"elementor-testimonial__title\">FASHION DESIGN<\/span><\/cite>\t\t\t<\/div>\n\t\t<\/div>\n\t\t\t\t\t\t\t\t<\/div>\n\t\t\t\t\t\t\t\t\t\t\t<div class=\"swiper-slide\" role=\"group\" aria-roledescription=\"slide\">\n\t\t\t\t\t\t\t\t\t<div class=\"elementor-testimonial\">\n\t\t\t\t\t\t\t<div class=\"elementor-testimonial__content\">\n\t\t\t\t\t<div class=\"elementor-testimonial__text\">\n\t\t\t\t\t\t\u201cAcest proiect m-a \u00eenv\u0103\u021bat multe despre munca din spatele ecranelor. Este o industrie dur\u0103 \u0219i, dac\u0103 vrei s\u0103 tr\u0103ie\u0219ti din ea, trebuie s\u0103 munce\u0219ti de dou\u0103 ori mai mult dec\u00e2t credeai \u00eenainte.\u201d\t\t\t\t\t<\/div>\n\t\t\t\t\t\t\t\t\t<\/div>\n\t\t\t\t\t\t<div class=\"elementor-testimonial__footer\">\n\t\t\t\t\t\t\t\t\t<div class=\"elementor-testimonial__image\">\n\t\t\t\t\t\t<img decoding=\"async\" src=\"https:\/\/fea-vee.eu\/wp-content\/uploads\/2025\/06\/Storyboard-Quote-5_.jpeg\" alt=\"Eduard, ROM\u00c2NIA\">\n\t\t\t\t\t\t\t\t\t\t\t<\/div>\n\t\t\t\t\t\t\t\t<cite class=\"elementor-testimonial__cite\"><span class=\"elementor-testimonial__name\">Eduard, ROM\u00c2NIA<\/span><span class=\"elementor-testimonial__title\">FASHION DESIGN<\/span><\/cite>\t\t\t<\/div>\n\t\t<\/div>\n\t\t\t\t\t\t\t\t<\/div>\n\t\t\t\t\t\t\t\t\t<\/div>\n\t\t\t\t\t\t\t\t\t\t\t\t\t\t\t<div class=\"elementor-swiper-button elementor-swiper-button-prev\" role=\"button\" tabindex=\"0\" aria-label=\"Previous\">\n\t\t\t\t\t\t\t<svg aria-hidden=\"true\" class=\"e-font-icon-svg e-eicon-chevron-left\" viewBox=\"0 0 1000 1000\" xmlns=\"http:\/\/www.w3.org\/2000\/svg\"><path d=\"M646 125C629 125 613 133 604 142L308 442C296 454 292 471 292 487 292 504 296 521 308 533L604 854C617 867 629 875 646 875 663 875 679 871 692 858 704 846 713 829 713 812 713 796 708 779 692 767L438 487 692 225C700 217 708 204 708 187 708 171 704 154 692 142 675 129 663 125 646 125Z\"><\/path><\/svg>\t\t\t\t\t\t<\/div>\n\t\t\t\t\t\t<div class=\"elementor-swiper-button elementor-swiper-button-next\" role=\"button\" tabindex=\"0\" aria-label=\"Next\">\n\t\t\t\t\t\t\t<svg aria-hidden=\"true\" class=\"e-font-icon-svg e-eicon-chevron-right\" viewBox=\"0 0 1000 1000\" xmlns=\"http:\/\/www.w3.org\/2000\/svg\"><path d=\"M696 533C708 521 713 504 713 487 713 471 708 454 696 446L400 146C388 133 375 125 354 125 338 125 325 129 313 142 300 154 292 171 292 187 292 204 296 221 308 233L563 492 304 771C292 783 288 800 288 817 288 833 296 850 308 863 321 871 338 875 354 875 371 875 388 867 400 854L696 533Z\"><\/path><\/svg>\t\t\t\t\t\t<\/div>\n\t\t\t\t\t\t\t\t\t\t\t\t\t\t\t\t\t<\/div>\n\t\t\t\t<\/div>\n\t\t\t\t\t\t\t\t<\/div>\n\t\t\t\t<\/div>\n\t\t\t\t<div class=\"elementor-element elementor-element-1a6c823 elementor-widget elementor-widget-spacer\" data-id=\"1a6c823\" data-element_type=\"widget\" data-widget_type=\"spacer.default\">\n\t\t\t\t<div class=\"elementor-widget-container\">\n\t\t\t\t\t\t\t<div class=\"elementor-spacer\">\n\t\t\t<div class=\"elementor-spacer-inner\"><\/div>\n\t\t<\/div>\n\t\t\t\t\t\t<\/div>\n\t\t\t\t<\/div>\n\t\t\t\t<div class=\"elementor-element elementor-element-c433c3e elementor-widget elementor-widget-tp-blog-listout\" data-id=\"c433c3e\" data-element_type=\"widget\" data-widget_type=\"tp-blog-listout.default\">\n\t\t\t\t<div class=\"elementor-widget-container\">\n\t\t\t\t\t<div id=\"pt-plus-blog-post-list\" class=\"blog-list post69f022294d263  list-isotope  blog-style-2 hover-image-style-1 layout-style-1  \"  data-layout-type=\"fitRows\"   data-id=\"post69f022294d263\" data-style=\"style-2\"   dir= data-enable-isotope=\"1\" filter-type = \"normal\"><div id=\"post69f022294d263\" class=\"tp-row post-inner-loop post69f022294d263 text-center  \" data-extparam= '{\"loading-opt\":\"skeleton\",\"URL-para\":\"\"}'  ><div class=\"grid-item metro-item  tp-col-lg-4 tp-col-md-4 tp-col-sm-6 tp-col-6  \"><article id=\"post-7447\" class=\"post-7447 post type-post status-publish format-standard has-post-thumbnail hentry category-best-practices-ro\">\r\n\t<div class=\"blog-list-content\">\r\n\t\t\t\t<div class=\"post-content-image\">\r\n\t\t\t<a href=\"https:\/\/fea-vee.eu\/ro\/modern-jewelry-made-from-recycled-glass-bottles\/\">\r\n\t\t\t\t\t<div class=\"blog-featured-image  tp-cst-img-full img\">\r\n\t<span class=\"thumb-wrap\">\r\n\t\t<img decoding=\"async\" width=\"1200\" height=\"630\" src=\"https:\/\/fea-vee.eu\/wp-content\/uploads\/2024\/06\/bp_el.png\" class=\"attachment-full size-full\" alt=\"\" srcset=\"https:\/\/fea-vee.eu\/wp-content\/uploads\/2024\/06\/bp_el.png 1200w, https:\/\/fea-vee.eu\/wp-content\/uploads\/2024\/06\/bp_el-300x158.png 300w, https:\/\/fea-vee.eu\/wp-content\/uploads\/2024\/06\/bp_el-1024x538.png 1024w, https:\/\/fea-vee.eu\/wp-content\/uploads\/2024\/06\/bp_el-768x403.png 768w, https:\/\/fea-vee.eu\/wp-content\/uploads\/2024\/06\/bp_el-624x328.png 624w, https:\/\/fea-vee.eu\/wp-content\/uploads\/2024\/06\/bp_el-50x26.png 50w, https:\/\/fea-vee.eu\/wp-content\/uploads\/2024\/06\/bp_el-100x53.png 100w\" sizes=\"(max-width: 1200px) 100vw, 1200px\" \/>\t<\/span>\r\n\t<\/div>\r\n\t\t\t<\/a>\r\n\t\t\t\t\t<\/div>\r\n\t\t\t\t<div class=\"post-content-bottom\">\r\n\t\t\t\t\t\t<div class=\"post-metro-content\">\r\n\t\t\t\t<h3 class=\"post-title\">\r\n\t<a href=\"https:\/\/fea-vee.eu\/ro\/modern-jewelry-made-from-recycled-glass-bottles\/\" class=\"normal\">Bijuterii contemporane realizate din sticl\u0103 reciclat\u0103<\/a>\r\n<\/h3>\r\n\t\t\t\t\t\t\t\t\t\t\t<\/div>\r\n\t\t<\/div>\r\n\t\t\t\t\t<\/div>\r\n<\/article>\r\n<\/div><div class=\"grid-item metro-item  tp-col-lg-4 tp-col-md-4 tp-col-sm-6 tp-col-6  \"><article id=\"post-7440\" class=\"post-7440 post type-post status-publish format-standard has-post-thumbnail hentry category-best-practices-ro\">\r\n\t<div class=\"blog-list-content\">\r\n\t\t\t\t<div class=\"post-content-image\">\r\n\t\t\t<a href=\"https:\/\/fea-vee.eu\/ro\/initiatives-and-measures-regarding-sustainability-at-trigema\/\">\r\n\t\t\t\t\t<div class=\"blog-featured-image  tp-cst-img-full img\">\r\n\t<span class=\"thumb-wrap\">\r\n\t\t<img decoding=\"async\" width=\"1200\" height=\"630\" src=\"https:\/\/fea-vee.eu\/wp-content\/uploads\/2024\/06\/bp_de.png\" class=\"attachment-full size-full\" alt=\"\" srcset=\"https:\/\/fea-vee.eu\/wp-content\/uploads\/2024\/06\/bp_de.png 1200w, https:\/\/fea-vee.eu\/wp-content\/uploads\/2024\/06\/bp_de-300x158.png 300w, https:\/\/fea-vee.eu\/wp-content\/uploads\/2024\/06\/bp_de-1024x538.png 1024w, https:\/\/fea-vee.eu\/wp-content\/uploads\/2024\/06\/bp_de-768x403.png 768w, https:\/\/fea-vee.eu\/wp-content\/uploads\/2024\/06\/bp_de-624x328.png 624w, https:\/\/fea-vee.eu\/wp-content\/uploads\/2024\/06\/bp_de-50x26.png 50w, https:\/\/fea-vee.eu\/wp-content\/uploads\/2024\/06\/bp_de-100x53.png 100w\" sizes=\"(max-width: 1200px) 100vw, 1200px\" \/>\t<\/span>\r\n\t<\/div>\r\n\t\t\t<\/a>\r\n\t\t\t\t\t<\/div>\r\n\t\t\t\t<div class=\"post-content-bottom\">\r\n\t\t\t\t\t\t<div class=\"post-metro-content\">\r\n\t\t\t\t<h3 class=\"post-title\">\r\n\t<a href=\"https:\/\/fea-vee.eu\/ro\/initiatives-and-measures-regarding-sustainability-at-trigema\/\" class=\"normal\">Ini\u021biative \u0219i m\u0103suri privind sustenabilitatea la Trigema<\/a>\r\n<\/h3>\r\n\t\t\t\t\t\t\t\t\t\t\t<\/div>\r\n\t\t<\/div>\r\n\t\t\t\t\t<\/div>\r\n<\/article>\r\n<\/div><div class=\"grid-item metro-item  tp-col-lg-4 tp-col-md-4 tp-col-sm-6 tp-col-6  \"><article id=\"post-7433\" class=\"post-7433 post type-post status-publish format-standard has-post-thumbnail hentry category-best-practices-ro\">\r\n\t<div class=\"blog-list-content\">\r\n\t\t\t\t<div class=\"post-content-image\">\r\n\t\t\t<a href=\"https:\/\/fea-vee.eu\/ro\/sustainability-fabric-management\/\">\r\n\t\t\t\t\t<div class=\"blog-featured-image  tp-cst-img-full img\">\r\n\t<span class=\"thumb-wrap\">\r\n\t\t<img loading=\"lazy\" decoding=\"async\" width=\"1200\" height=\"630\" src=\"https:\/\/fea-vee.eu\/wp-content\/uploads\/2024\/06\/bp_bg.png\" class=\"attachment-full size-full\" alt=\"\" srcset=\"https:\/\/fea-vee.eu\/wp-content\/uploads\/2024\/06\/bp_bg.png 1200w, https:\/\/fea-vee.eu\/wp-content\/uploads\/2024\/06\/bp_bg-300x158.png 300w, https:\/\/fea-vee.eu\/wp-content\/uploads\/2024\/06\/bp_bg-1024x538.png 1024w, https:\/\/fea-vee.eu\/wp-content\/uploads\/2024\/06\/bp_bg-768x403.png 768w, https:\/\/fea-vee.eu\/wp-content\/uploads\/2024\/06\/bp_bg-624x328.png 624w, https:\/\/fea-vee.eu\/wp-content\/uploads\/2024\/06\/bp_bg-50x26.png 50w, https:\/\/fea-vee.eu\/wp-content\/uploads\/2024\/06\/bp_bg-100x53.png 100w\" sizes=\"(max-width: 1200px) 100vw, 1200px\" \/>\t<\/span>\r\n\t<\/div>\r\n\t\t\t<\/a>\r\n\t\t\t\t\t<\/div>\r\n\t\t\t\t<div class=\"post-content-bottom\">\r\n\t\t\t\t\t\t<div class=\"post-metro-content\">\r\n\t\t\t\t<h3 class=\"post-title\">\r\n\t<a href=\"https:\/\/fea-vee.eu\/ro\/sustainability-fabric-management\/\" class=\"normal\">Sustenabilitatea Fabric Management<\/a>\r\n<\/h3>\r\n\t\t\t\t\t\t\t\t\t\t\t<\/div>\r\n\t\t<\/div>\r\n\t\t\t\t\t<\/div>\r\n<\/article>\r\n<\/div><\/div><\/div>\t\t\t\t<\/div>\n\t\t\t\t<\/div>\n\t\t\t\t<div class=\"elementor-element elementor-element-a41304b elementor-widget elementor-widget-spacer\" data-id=\"a41304b\" data-element_type=\"widget\" data-widget_type=\"spacer.default\">\n\t\t\t\t<div class=\"elementor-widget-container\">\n\t\t\t\t\t\t\t<div class=\"elementor-spacer\">\n\t\t\t<div class=\"elementor-spacer-inner\"><\/div>\n\t\t<\/div>\n\t\t\t\t\t\t<\/div>\n\t\t\t\t<\/div>\n\t\t\t\t\t<\/div>\n\t\t<\/div>\n\t\t\t\t\t<\/div>\n\t\t<\/section>\n\t\t\t\t<\/div>\n\t\t","protected":false},"excerpt":{"rendered":"<p>Storyboard experien\u021bele participan\u021bilor Sec\u021biunea Storyboard este o colec\u021bie de c\u0103l\u0103torii personale \u00een cadrul proiectului FEA-VEE. Este un spa\u021biu \u00een care participan\u021bii \u00ee\u0219i \u00eemp\u0103rt\u0103\u0219esc pove\u0219tile unice,&hellip;<\/p>\n","protected":false},"author":2,"featured_media":0,"parent":0,"menu_order":0,"comment_status":"closed","ping_status":"closed","template":"","meta":{"footnotes":""},"class_list":["post-2059","page","type-page","status-publish","hentry"],"_links":{"self":[{"href":"https:\/\/fea-vee.eu\/ro\/wp-json\/wp\/v2\/pages\/2059","targetHints":{"allow":["GET"]}}],"collection":[{"href":"https:\/\/fea-vee.eu\/ro\/wp-json\/wp\/v2\/pages"}],"about":[{"href":"https:\/\/fea-vee.eu\/ro\/wp-json\/wp\/v2\/types\/page"}],"author":[{"embeddable":true,"href":"https:\/\/fea-vee.eu\/ro\/wp-json\/wp\/v2\/users\/2"}],"replies":[{"embeddable":true,"href":"https:\/\/fea-vee.eu\/ro\/wp-json\/wp\/v2\/comments?post=2059"}],"version-history":[{"count":8,"href":"https:\/\/fea-vee.eu\/ro\/wp-json\/wp\/v2\/pages\/2059\/revisions"}],"predecessor-version":[{"id":9476,"href":"https:\/\/fea-vee.eu\/ro\/wp-json\/wp\/v2\/pages\/2059\/revisions\/9476"}],"wp:attachment":[{"href":"https:\/\/fea-vee.eu\/ro\/wp-json\/wp\/v2\/media?parent=2059"}],"curies":[{"name":"wp","href":"https:\/\/api.w.org\/{rel}","templated":true}]}}