{"id":2039,"date":"2022-11-03T07:58:49","date_gmt":"2022-11-03T07:58:49","guid":{"rendered":"https:\/\/fea-vee.eu\/despre-proiect\/"},"modified":"2022-11-03T07:58:50","modified_gmt":"2022-11-03T07:58:50","slug":"despre-proiect","status":"publish","type":"page","link":"https:\/\/fea-vee.eu\/ro\/despre-proiect\/","title":{"rendered":"Despre proiect"},"content":{"rendered":"\t\t<div data-elementor-type=\"wp-page\" data-elementor-id=\"2039\" class=\"elementor elementor-2039 elementor-272\" data-elementor-post-type=\"page\">\n\t\t\t\t\t\t<section class=\"elementor-section elementor-top-section elementor-element elementor-element-3e14b03 elementor-section-boxed elementor-section-height-default elementor-section-height-default\" data-id=\"3e14b03\" data-element_type=\"section\">\n\t\t\t\t\t\t\t<div class=\"elementor-background-overlay\"><\/div>\n\t\t\t\t\t\t\t<div class=\"elementor-container elementor-column-gap-default\">\n\t\t\t\t\t<div class=\"elementor-column elementor-col-100 elementor-top-column elementor-element elementor-element-c27f138\" data-id=\"c27f138\" data-element_type=\"column\">\n\t\t\t<div class=\"elementor-widget-wrap elementor-element-populated\">\n\t\t\t\t\t\t<div class=\"elementor-element elementor-element-bbcb1e8 elementor-widget elementor-widget-tp-image-factory\" data-id=\"bbcb1e8\" data-element_type=\"widget\" data-widget_type=\"tp-image-factory.default\">\n\t\t\t\t<div class=\"elementor-widget-container\">\n\t\t\t\t\t<div id=\"plus69e4df6de486d\" class=\"plus-adv-text-widget plus-widget-wrapper    image-floating\"  ><div class=\"plus-widget-inner-wrap   \"  ><div id=\"plus69e4df6de4c94\" class=\"pt-plus-animated-image-wrapper      image-floating\" ><div class=\"animated-image-parallax   \" ><div class=\"pt_plus_animated_image bg-image69e4df6de4c90 text-center  \"  > <figure class=\"     \"  ><div class=\"vc_single_image-wrapper   \"><img fetchpriority=\"high\" decoding=\"async\" width=\"600\" height=\"600\" src=\"https:\/\/fea-vee.eu\/wp-content\/uploads\/2022\/08\/about-home-page-02.png\" class=\"attachment-full size-full wp-image-152\" alt=\"\" srcset=\"https:\/\/fea-vee.eu\/wp-content\/uploads\/2022\/08\/about-home-page-02.png 600w, https:\/\/fea-vee.eu\/wp-content\/uploads\/2022\/08\/about-home-page-02-300x300.png 300w, https:\/\/fea-vee.eu\/wp-content\/uploads\/2022\/08\/about-home-page-02-150x150.png 150w\" sizes=\"(max-width: 600px) 100vw, 600px\" \/><\/div> <\/figure> <\/div><\/div><\/div><\/div><\/div>\t\t\t\t<\/div>\n\t\t\t\t<\/div>\n\t\t\t\t<div class=\"elementor-element elementor-element-6a27fc2 elementor-widget elementor-widget-tp-heading-title\" data-id=\"6a27fc2\" data-element_type=\"widget\" data-widget_type=\"tp-heading-title.default\">\n\t\t\t\t<div class=\"elementor-widget-container\">\n\t\t\t\t\t<div class=\"heading heading_style heading_style69e4df6de6781 style-6 \" ><div class=\"sub-style \"  ><div class=\"vertical-divider top\"> <\/div><div class=\"head-title \" > <h1  class=\"heading-title   \"   data-hover=\"Despre\">Despre<\/h1><\/div><div class=\"sub-heading\"><h4 class=\"heading-sub-title  \"> proiect <\/h4><\/div><div class=\"vertical-divider bottom\"> <\/div><\/div><\/div>\t\t\t\t<\/div>\n\t\t\t\t<\/div>\n\t\t\t\t\t<\/div>\n\t\t<\/div>\n\t\t\t\t\t<\/div>\n\t\t<\/section>\n\t\t\t\t<section class=\"elementor-section elementor-top-section elementor-element elementor-element-c0ace37 elementor-section-boxed elementor-section-height-default elementor-section-height-default\" data-id=\"c0ace37\" data-element_type=\"section\">\n\t\t\t\t\t\t\t<div class=\"elementor-background-overlay\"><\/div>\n\t\t\t\t\t\t\t<div class=\"elementor-container elementor-column-gap-default\">\n\t\t\t\t\t<div class=\"elementor-column elementor-col-100 elementor-top-column elementor-element elementor-element-ea381e5\" data-id=\"ea381e5\" data-element_type=\"column\">\n\t\t\t<div class=\"elementor-widget-wrap elementor-element-populated\">\n\t\t\t\t\t\t<div class=\"elementor-element elementor-element-e2c4149 elementor-widget elementor-widget-text-editor\" data-id=\"e2c4149\" data-element_type=\"widget\" data-widget_type=\"text-editor.default\">\n\t\t\t\t<div class=\"elementor-widget-container\">\n\t\t\t\t\t\t\t\t\t<p>Originile proiectului se afl\u0103 \u00een lipsa de personal calificat \u00een industria textil\u0103 \u0219i a modei. Din cauza \u00eenchiderii masive din ultimele decenii, sectorul \u0219i-a pierdut atractivitatea pentru tineri, iar ast\u0103zi companiilor textile le este din ce \u00een ce mai greu s\u0103 atrag\u0103 noi talente, \u00een special cu competen\u021be digitale avansate.<\/p>\n<p>Pe de alt\u0103 parte, proiectul r\u0103spunde nevoii unei tranzi\u021bii ecologice \u0219i durabile a industriei textile. Moda este considerat\u0103 una dintre cele mai poluante industrii, par\u021bial din cauza tendin\u021belor recente precum fast fashion.<\/p>\n<p>Angaja\u021bii IMM-urilor \u0219i ai viitoarelor IMM-uri trebuie s\u0103 dezvolte mai multe competen\u021be \u00een moda ecologic\u0103, pentru a stimula transformarea ecologic\u0103 a sectorului.<\/p>\n<p>Aceste competen\u021be ar trebui dob\u00e2ndite deja \u00een cursul form\u0103rii profesionale \u0219i universitare a viitorilor lucr\u0103tori din domeniul textilelor considera\u021bi printre cele mai poluante industrii at\u00e2t din punct de vedere al produc\u021biei, c\u00e2t \u0219i al elimin\u0103rii ulterioare.<\/p>\n\t\t\t\t\t\t\t\t<\/div>\n\t\t\t\t<\/div>\n\t\t\t\t<div class=\"elementor-element elementor-element-42666a1 elementor-widget elementor-widget-heading\" data-id=\"42666a1\" data-element_type=\"widget\" data-widget_type=\"heading.default\">\n\t\t\t\t<div class=\"elementor-widget-container\">\n\t\t\t\t\t<h2 class=\"elementor-heading-title elementor-size-default\">Obiective<\/h2>\t\t\t\t<\/div>\n\t\t\t\t<\/div>\n\t\t\t\t<div class=\"elementor-element elementor-element-f95f7d1 elementor-widget elementor-widget-text-editor\" data-id=\"f95f7d1\" data-element_type=\"widget\" data-widget_type=\"text-editor.default\">\n\t\t\t\t<div class=\"elementor-widget-container\">\n\t\t\t\t\t\t\t\t\t<p>EA-VEE contribuie la atragerea mai multor tineri \u00een sectoarele modei, textilelor \u0219i \u00eembr\u0103c\u0103mintei \u0219i, prin urmare, la producerea de for\u021b\u0103 de munc\u0103 nou\u0103 care este recunoscut\u0103, calificat\u0103 \u0219i competent\u0103 pentru nevoile de munc\u0103 din secolul XXI, prin formare la locul de munc\u0103 \u0219i prin ucenicie direct\u0103 leg\u0103tura cu industria.<\/p>\n<p>Mai mult, proiectul vizeaz\u0103 dezvoltarea \u00een sectoarele modei, textilelor \u0219i \u00eembr\u0103c\u0103mintei a unor modele economice mai ecologice, mai circulare \u0219i durabile, precum \u0219i mai etice \u0219i concentrate pe valorile comer\u021bului echitabil.<\/p>\n<p>Pe scar\u0103 mai larg\u0103, FEA-VEE dore\u0219te s\u0103 stabileasc\u0103 o cale de reform\u0103 a politicii de antreprenoriat ecologic pentru \u00eencorporarea preocup\u0103rilor de durabilitate \u00een planificarea antreprenorial\u0103, promov\u00e2nd \u00een acela\u0219i timp antreprenoriatul prin start-up-uri \u0219i incubare, precum \u0219i a abilit\u0103\u021bilor \u0219i competen\u021belor antreprenoriale \u00een r\u00e2ndul for\u021bei de munc\u0103 din institu\u021biile de \u00eenv\u0103\u021b\u0103m\u00e2nt \u0219i dup\u0103 absolvire, ca parte a \u00eenv\u0103\u021b\u0103rii pe tot parcursul vie\u021bii.<\/p>\n<p>Printre activit\u0103\u021bile proiectului FEA-VEE, parteneriatul din proiect va fi implicat \u00een crearea de materiale de instruire inovatoare pentru profesorii \u0219i formatorii din sectorul textil. \u00cen plus, este prev\u0103zut\u0103 implementarea unei platforme de cooperare transna\u021bional\u0103 pentru a crea o potrivire \u00eentre studen\u021bi \u0219i angaja\u021bi \u0219i oportunit\u0103\u021bi de formare \u0219i stagii de practic\u0103 \u00een \u00eentreaga Europ\u0103. \u00cen cele din urm\u0103, unii parteneri se vor ocupa de organizarea unor mobilit\u0103\u021bi scurte pentru studen\u021bi care vor avea loc \u00een Germania \u0219i Spania.<\/p>\n\t\t\t\t\t\t\t\t<\/div>\n\t\t\t\t<\/div>\n\t\t\t\t<div class=\"elementor-element elementor-element-f26b2b9 elementor-widget elementor-widget-heading\" data-id=\"f26b2b9\" data-element_type=\"widget\" data-widget_type=\"heading.default\">\n\t\t\t\t<div class=\"elementor-widget-container\">\n\t\t\t\t\t<h5 class=\"elementor-heading-title elementor-size-default\">Proiectul se adreseaz\u0103, \u00een principal, unor trei grupuri \u021bint\u0103:<\/h5>\t\t\t\t<\/div>\n\t\t\t\t<\/div>\n\t\t\t\t<div class=\"elementor-element elementor-element-747c44a elementor-icon-list--layout-traditional elementor-list-item-link-full_width elementor-widget elementor-widget-icon-list\" data-id=\"747c44a\" data-element_type=\"widget\" data-widget_type=\"icon-list.default\">\n\t\t\t\t<div class=\"elementor-widget-container\">\n\t\t\t\t\t\t\t<ul class=\"elementor-icon-list-items\">\n\t\t\t\t\t\t\t<li class=\"elementor-icon-list-item\">\n\t\t\t\t\t\t\t\t\t\t\t<span class=\"elementor-icon-list-icon\">\n\t\t\t\t\t\t\t<svg aria-hidden=\"true\" class=\"e-font-icon-svg e-fas-check-square\" viewBox=\"0 0 448 512\" xmlns=\"http:\/\/www.w3.org\/2000\/svg\"><path d=\"M400 480H48c-26.51 0-48-21.49-48-48V80c0-26.51 21.49-48 48-48h352c26.51 0 48 21.49 48 48v352c0 26.51-21.49 48-48 48zm-204.686-98.059l184-184c6.248-6.248 6.248-16.379 0-22.627l-22.627-22.627c-6.248-6.248-16.379-6.249-22.628 0L184 302.745l-70.059-70.059c-6.248-6.248-16.379-6.248-22.628 0l-22.627 22.627c-6.248 6.248-6.248 16.379 0 22.627l104 104c6.249 6.25 16.379 6.25 22.628.001z\"><\/path><\/svg>\t\t\t\t\t\t<\/span>\n\t\t\t\t\t\t\t\t\t\t<span class=\"elementor-icon-list-text\">Studen\u021bi \u0219i absolven\u021bi, care vor avea posibilitatea de a-\u0219i dezvolta \u0219i \u00eembun\u0103t\u0103\u021bi competen\u021bele \u00eentr-un mediu interna\u021bional precum \u0219i de a-\u0219i extinde re\u021beaua profesional\u0103;<\/span>\n\t\t\t\t\t\t\t\t\t<\/li>\n\t\t\t\t\t\t\t\t<li class=\"elementor-icon-list-item\">\n\t\t\t\t\t\t\t\t\t\t\t<span class=\"elementor-icon-list-icon\">\n\t\t\t\t\t\t\t<svg aria-hidden=\"true\" class=\"e-font-icon-svg e-fas-check-square\" viewBox=\"0 0 448 512\" xmlns=\"http:\/\/www.w3.org\/2000\/svg\"><path d=\"M400 480H48c-26.51 0-48-21.49-48-48V80c0-26.51 21.49-48 48-48h352c26.51 0 48 21.49 48 48v352c0 26.51-21.49 48-48 48zm-204.686-98.059l184-184c6.248-6.248 6.248-16.379 0-22.627l-22.627-22.627c-6.248-6.248-16.379-6.249-22.628 0L184 302.745l-70.059-70.059c-6.248-6.248-16.379-6.248-22.628 0l-22.627 22.627c-6.248 6.248-6.248 16.379 0 22.627l104 104c6.249 6.25 16.379 6.25 22.628.001z\"><\/path><\/svg>\t\t\t\t\t\t<\/span>\n\t\t\t\t\t\t\t\t\t\t<span class=\"elementor-icon-list-text\">Cadre didactice, care \u00ee\u0219i vor putea aprofunda \u0219i actualiza ofertele de formare;<\/span>\n\t\t\t\t\t\t\t\t\t<\/li>\n\t\t\t\t\t\t\t\t<li class=\"elementor-icon-list-item\">\n\t\t\t\t\t\t\t\t\t\t\t<span class=\"elementor-icon-list-icon\">\n\t\t\t\t\t\t\t<svg aria-hidden=\"true\" class=\"e-font-icon-svg e-fas-check-square\" viewBox=\"0 0 448 512\" xmlns=\"http:\/\/www.w3.org\/2000\/svg\"><path d=\"M400 480H48c-26.51 0-48-21.49-48-48V80c0-26.51 21.49-48 48-48h352c26.51 0 48 21.49 48 48v352c0 26.51-21.49 48-48 48zm-204.686-98.059l184-184c6.248-6.248 6.248-16.379 0-22.627l-22.627-22.627c-6.248-6.248-16.379-6.249-22.628 0L184 302.745l-70.059-70.059c-6.248-6.248-16.379-6.248-22.628 0l-22.627 22.627c-6.248 6.248-6.248 16.379 0 22.627l104 104c6.249 6.25 16.379 6.25 22.628.001z\"><\/path><\/svg>\t\t\t\t\t\t<\/span>\n\t\t\t\t\t\t\t\t\t\t<span class=\"elementor-icon-list-text\">IMM-urile din industria textil\u0103 \u0219i de mod\u0103, care vor putea atrage o for\u021b\u0103 de munc\u0103 mai calificat\u0103 orientat\u0103 c\u0103tre tranzi\u021bia eco-durabil\u0103 a sectorului.<\/span>\n\t\t\t\t\t\t\t\t\t<\/li>\n\t\t\t\t\t\t<\/ul>\n\t\t\t\t\t\t<\/div>\n\t\t\t\t<\/div>\n\t\t\t\t<div class=\"elementor-element elementor-element-d9d727e elementor-widget elementor-widget-spacer\" data-id=\"d9d727e\" data-element_type=\"widget\" data-widget_type=\"spacer.default\">\n\t\t\t\t<div class=\"elementor-widget-container\">\n\t\t\t\t\t\t\t<div class=\"elementor-spacer\">\n\t\t\t<div class=\"elementor-spacer-inner\"><\/div>\n\t\t<\/div>\n\t\t\t\t\t\t<\/div>\n\t\t\t\t<\/div>\n\t\t\t\t\t<\/div>\n\t\t<\/div>\n\t\t\t\t\t<\/div>\n\t\t<\/section>\n\t\t\t\t<\/div>\n\t\t","protected":false},"excerpt":{"rendered":"<p>Despre proiect Originile proiectului se afl\u0103 \u00een lipsa de personal calificat \u00een industria textil\u0103 \u0219i a modei. Din cauza \u00eenchiderii masive din ultimele decenii, sectorul&hellip;<\/p>\n","protected":false},"author":2,"featured_media":0,"parent":0,"menu_order":0,"comment_status":"closed","ping_status":"closed","template":"","meta":{"footnotes":""},"class_list":["post-2039","page","type-page","status-publish","hentry"],"_links":{"self":[{"href":"https:\/\/fea-vee.eu\/ro\/wp-json\/wp\/v2\/pages\/2039","targetHints":{"allow":["GET"]}}],"collection":[{"href":"https:\/\/fea-vee.eu\/ro\/wp-json\/wp\/v2\/pages"}],"about":[{"href":"https:\/\/fea-vee.eu\/ro\/wp-json\/wp\/v2\/types\/page"}],"author":[{"embeddable":true,"href":"https:\/\/fea-vee.eu\/ro\/wp-json\/wp\/v2\/users\/2"}],"replies":[{"embeddable":true,"href":"https:\/\/fea-vee.eu\/ro\/wp-json\/wp\/v2\/comments?post=2039"}],"version-history":[{"count":1,"href":"https:\/\/fea-vee.eu\/ro\/wp-json\/wp\/v2\/pages\/2039\/revisions"}],"predecessor-version":[{"id":2040,"href":"https:\/\/fea-vee.eu\/ro\/wp-json\/wp\/v2\/pages\/2039\/revisions\/2040"}],"wp:attachment":[{"href":"https:\/\/fea-vee.eu\/ro\/wp-json\/wp\/v2\/media?parent=2039"}],"curies":[{"name":"wp","href":"https:\/\/api.w.org\/{rel}","templated":true}]}}