{"id":1797,"date":"2022-11-02T12:26:25","date_gmt":"2022-11-02T12:26:25","guid":{"rendered":"https:\/\/fea-vee.eu\/storyboard\/"},"modified":"2025-06-05T10:50:23","modified_gmt":"2025-06-05T10:50:23","slug":"storyboard-de","status":"publish","type":"page","link":"https:\/\/fea-vee.eu\/de\/storyboard-de\/","title":{"rendered":"Storyboard"},"content":{"rendered":"\t\t<div data-elementor-type=\"wp-page\" data-elementor-id=\"1797\" class=\"elementor elementor-1797 elementor-276\" data-elementor-post-type=\"page\">\n\t\t\t\t\t\t<section class=\"elementor-section elementor-top-section elementor-element elementor-element-001c9d7 elementor-section-boxed elementor-section-height-default elementor-section-height-default\" data-id=\"001c9d7\" data-element_type=\"section\">\n\t\t\t\t\t\t\t<div class=\"elementor-background-overlay\"><\/div>\n\t\t\t\t\t\t\t<div class=\"elementor-container elementor-column-gap-default\">\n\t\t\t\t\t<div class=\"elementor-column elementor-col-100 elementor-top-column elementor-element elementor-element-3e19908\" data-id=\"3e19908\" data-element_type=\"column\">\n\t\t\t<div class=\"elementor-widget-wrap elementor-element-populated\">\n\t\t\t\t\t\t<div class=\"elementor-element elementor-element-0263153 elementor-widget elementor-widget-tp-image-factory\" data-id=\"0263153\" data-element_type=\"widget\" data-widget_type=\"tp-image-factory.default\">\n\t\t\t\t<div class=\"elementor-widget-container\">\n\t\t\t\t\t<div id=\"plus69f005cd1035a\" class=\"plus-adv-text-widget plus-widget-wrapper    image-floating\"  ><div class=\"plus-widget-inner-wrap   \"  ><div id=\"plus69f005cd10900\" class=\"pt-plus-animated-image-wrapper      image-floating\" ><div class=\"animated-image-parallax   \" ><div class=\"pt_plus_animated_image bg-image69f005cd108fd text-center  \"  > <figure class=\"     \"  ><div class=\"vc_single_image-wrapper   \"><img fetchpriority=\"high\" decoding=\"async\" width=\"600\" height=\"600\" src=\"https:\/\/fea-vee.eu\/wp-content\/uploads\/2025\/06\/soryboard-hero.png\" class=\"attachment-full size-full wp-image-9412\" alt=\"\" srcset=\"https:\/\/fea-vee.eu\/wp-content\/uploads\/2025\/06\/soryboard-hero.png 600w, https:\/\/fea-vee.eu\/wp-content\/uploads\/2025\/06\/soryboard-hero-300x300.png 300w, https:\/\/fea-vee.eu\/wp-content\/uploads\/2025\/06\/soryboard-hero-150x150.png 150w\" sizes=\"(max-width: 600px) 100vw, 600px\" \/><\/div> <\/figure> <\/div><\/div><\/div><\/div><\/div>\t\t\t\t<\/div>\n\t\t\t\t<\/div>\n\t\t\t\t<div class=\"elementor-element elementor-element-8702f74 elementor-widget elementor-widget-tp-heading-title\" data-id=\"8702f74\" data-element_type=\"widget\" data-widget_type=\"tp-heading-title.default\">\n\t\t\t\t<div class=\"elementor-widget-container\">\n\t\t\t\t\t<div class=\"heading heading_style heading_style69f005cd121d0 style-6 \" ><div class=\"sub-style \"  ><div class=\"vertical-divider top\"> <\/div><div class=\"head-title \" > <h1  class=\"heading-title   \"   data-hover=\"Storyboard\">Storyboard<\/h1><\/div><div class=\"sub-heading\"><h4 class=\"heading-sub-title  \"> Erfahrungen der Teilnehmenden <\/h4><\/div><div class=\"vertical-divider bottom\"> <\/div><\/div><\/div>\t\t\t\t<\/div>\n\t\t\t\t<\/div>\n\t\t\t\t<div class=\"elementor-element elementor-element-1bdf1f1 elementor-widget elementor-widget-text-editor\" data-id=\"1bdf1f1\" data-element_type=\"widget\" data-widget_type=\"text-editor.default\">\n\t\t\t\t<div class=\"elementor-widget-container\">\n\t\t\t\t\t\t\t\t\t<p>Der Bereich \u201eStoryboard\u201c ist eine Sammlung pers\u00f6nlicher Erfahrungen im Rahmen des FEA-VEE-Projekts. Hier teilen die Teilnehmenden ihre einzigartigen Geschichten und zeigen, wie dieses Projekt ihr Lernen gepr\u00e4gt, sie mit anderen verbunden und ihnen neue M\u00f6glichkeiten er\u00f6ffnet hat.<br \/><br \/><\/p><p>Es ist eine Momentaufnahme der vielf\u00e4ltigen und beeindruckenden Erfahrungen, die das Wesen dieser Initiative ausmachen.<\/p>\t\t\t\t\t\t\t\t<\/div>\n\t\t\t\t<\/div>\n\t\t\t\t<div class=\"elementor-element elementor-element-1afec70 elementor-widget elementor-widget-spacer\" data-id=\"1afec70\" data-element_type=\"widget\" data-widget_type=\"spacer.default\">\n\t\t\t\t<div class=\"elementor-widget-container\">\n\t\t\t\t\t\t\t<div class=\"elementor-spacer\">\n\t\t\t<div class=\"elementor-spacer-inner\"><\/div>\n\t\t<\/div>\n\t\t\t\t\t\t<\/div>\n\t\t\t\t<\/div>\n\t\t\t\t<div class=\"elementor-element elementor-element-7319bcf elementor-widget elementor-widget-heading\" data-id=\"7319bcf\" data-element_type=\"widget\" data-widget_type=\"heading.default\">\n\t\t\t\t<div class=\"elementor-widget-container\">\n\t\t\t\t\t<h1 class=\"elementor-heading-title elementor-size-default\">Testimonials<\/h1>\t\t\t\t<\/div>\n\t\t\t\t<\/div>\n\t\t\t\t<div class=\"elementor-element elementor-element-d24e662 elementor-widget__width-initial elementor-widget elementor-widget-text-editor\" data-id=\"d24e662\" data-element_type=\"widget\" data-widget_type=\"text-editor.default\">\n\t\t\t\t<div class=\"elementor-widget-container\">\n\t\t\t\t\t\t\t\t\t<h3 style=\"text-align: center;\">28 learners from Greece, Bulgaria, Spain, Romania, Germany and Sweden participated in a 3-month internship in various companies and organizations in their countries as part of FEA-VEE.<\/h3><h3 style=\"text-align: center;\">This is what some of them had to say about this experience:<\/h3>\t\t\t\t\t\t\t\t<\/div>\n\t\t\t\t<\/div>\n\t\t\t\t<div class=\"elementor-element elementor-element-e2b2ab2 elementor-widget elementor-widget-spacer\" data-id=\"e2b2ab2\" data-element_type=\"widget\" data-widget_type=\"spacer.default\">\n\t\t\t\t<div class=\"elementor-widget-container\">\n\t\t\t\t\t\t\t<div class=\"elementor-spacer\">\n\t\t\t<div class=\"elementor-spacer-inner\"><\/div>\n\t\t<\/div>\n\t\t\t\t\t\t<\/div>\n\t\t\t\t<\/div>\n\t\t\t\t<div class=\"elementor-element elementor-element-bac7be8 elementor-testimonial--layout-image_stacked elementor-testimonial--skin-default elementor-testimonial--align-center elementor-arrows-yes elementor-widget elementor-widget-testimonial-carousel\" data-id=\"bac7be8\" data-element_type=\"widget\" data-settings=\"{&quot;speed&quot;:1000,&quot;autoplay_speed&quot;:6000,&quot;show_arrows&quot;:&quot;yes&quot;,&quot;autoplay&quot;:&quot;yes&quot;,&quot;loop&quot;:&quot;yes&quot;,&quot;pause_on_hover&quot;:&quot;yes&quot;,&quot;pause_on_interaction&quot;:&quot;yes&quot;,&quot;space_between&quot;:{&quot;unit&quot;:&quot;px&quot;,&quot;size&quot;:10,&quot;sizes&quot;:[]},&quot;space_between_laptop&quot;:{&quot;unit&quot;:&quot;px&quot;,&quot;size&quot;:10,&quot;sizes&quot;:[]},&quot;space_between_tablet&quot;:{&quot;unit&quot;:&quot;px&quot;,&quot;size&quot;:10,&quot;sizes&quot;:[]},&quot;space_between_mobile&quot;:{&quot;unit&quot;:&quot;px&quot;,&quot;size&quot;:10,&quot;sizes&quot;:[]}}\" data-widget_type=\"testimonial-carousel.default\">\n\t\t\t\t<div class=\"elementor-widget-container\">\n\t\t\t\t\t\t\t\t\t<div class=\"elementor-swiper\">\n\t\t\t\t\t<div class=\"elementor-main-swiper swiper\" role=\"region\" aria-roledescription=\"carousel\" aria-label=\"Testimonials\">\n\t\t\t\t<div class=\"swiper-wrapper\">\n\t\t\t\t\t\t\t\t\t\t\t<div class=\"swiper-slide\" role=\"group\" aria-roledescription=\"slide\">\n\t\t\t\t\t\t\t\t\t<div class=\"elementor-testimonial\">\n\t\t\t\t\t\t\t<div class=\"elementor-testimonial__content\">\n\t\t\t\t\t<div class=\"elementor-testimonial__text\">\n\t\t\t\t\t\t\u201cFEA-VEE hat mir durch das Praktikum, das sie f\u00fcr mich organisiert haben, eine gro\u00dfartige M\u00f6glichkeit zur beruflichen Weiterentwicklung geboten. Das Team war \u00e4u\u00dferst hilfsbereit und engagiert. Mein Praktikum war ein voller Erfolg und hat mir dabei geholfen, mein Wissen zu erweitern und neue F\u00e4higkeiten zu erwerben, die mir in meiner zuk\u00fcnftigen Karriere von Nutzen sein werden.\u201d\t\t\t\t\t<\/div>\n\t\t\t\t\t\t\t\t\t<\/div>\n\t\t\t\t\t\t<div class=\"elementor-testimonial__footer\">\n\t\t\t\t\t\t\t\t\t<div class=\"elementor-testimonial__image\">\n\t\t\t\t\t\t<img decoding=\"async\" src=\"https:\/\/fea-vee.eu\/wp-content\/uploads\/2025\/06\/Storyboard-Quote-1_.jpeg\" alt=\"Burchin, BULGARIEN\">\n\t\t\t\t\t\t\t\t\t\t\t<\/div>\n\t\t\t\t\t\t\t\t<cite class=\"elementor-testimonial__cite\"><span class=\"elementor-testimonial__name\">Burchin, BULGARIEN<\/span><span class=\"elementor-testimonial__title\">MODEDESIGN<\/span><\/cite>\t\t\t<\/div>\n\t\t<\/div>\n\t\t\t\t\t\t\t\t<\/div>\n\t\t\t\t\t\t\t\t\t\t\t<div class=\"swiper-slide\" role=\"group\" aria-roledescription=\"slide\">\n\t\t\t\t\t\t\t\t\t<div class=\"elementor-testimonial\">\n\t\t\t\t\t\t\t<div class=\"elementor-testimonial__content\">\n\t\t\t\t\t<div class=\"elementor-testimonial__text\">\n\t\t\t\t\t\t\u201cIch bin jetzt im dritten Monat meines Praktikums und habe die M\u00f6glichkeit, in einem sehr freundlichen und kreativen Umfeld zu arbeiten. Die Zusammenarbeit mit dem Inhaber des Unternehmens ist sehr kreativ und ich kann mich an der Gestaltung und Herstellung traditioneller Kost\u00fcme beteiligen, wobei ich spezielle Techniken anwende, aber auch Modetrends ber\u00fccksichtige. Vielen Dank an das FEA-VEE-Projekt f\u00fcr diese Chance!\u201d \t\t\t\t\t<\/div>\n\t\t\t\t\t\t\t\t\t<\/div>\n\t\t\t\t\t\t<div class=\"elementor-testimonial__footer\">\n\t\t\t\t\t\t\t\t\t<div class=\"elementor-testimonial__image\">\n\t\t\t\t\t\t<img decoding=\"async\" src=\"https:\/\/fea-vee.eu\/wp-content\/uploads\/2025\/06\/rep2_.jpg\" alt=\"Ioulia, GRIECHENLAND\">\n\t\t\t\t\t\t\t\t\t\t\t<\/div>\n\t\t\t\t\t\t\t\t<cite class=\"elementor-testimonial__cite\"><span class=\"elementor-testimonial__name\">Ioulia, GRIECHENLAND<\/span><span class=\"elementor-testimonial__title\">GRAFIKDESIGN<\/span><\/cite>\t\t\t<\/div>\n\t\t<\/div>\n\t\t\t\t\t\t\t\t<\/div>\n\t\t\t\t\t\t\t\t\t\t\t<div class=\"swiper-slide\" role=\"group\" aria-roledescription=\"slide\">\n\t\t\t\t\t\t\t\t\t<div class=\"elementor-testimonial\">\n\t\t\t\t\t\t\t<div class=\"elementor-testimonial__content\">\n\t\t\t\t\t<div class=\"elementor-testimonial__text\">\n\t\t\t\t\t\t\u201cDas FEA-VEE-Projekt hat mir endlich die M\u00f6glichkeit gegeben, mein theoretisches Wissen noch w\u00e4hrend des Studiums in der Praxis anzuwenden.\u201d\t\t\t\t\t<\/div>\n\t\t\t\t\t\t\t\t\t<\/div>\n\t\t\t\t\t\t<div class=\"elementor-testimonial__footer\">\n\t\t\t\t\t\t\t\t\t<div class=\"elementor-testimonial__image\">\n\t\t\t\t\t\t<img decoding=\"async\" src=\"https:\/\/fea-vee.eu\/wp-content\/uploads\/2025\/06\/rep3_.jpeg\" alt=\"Marie, DEUTSCHLAND\">\n\t\t\t\t\t\t\t\t\t\t\t<\/div>\n\t\t\t\t\t\t\t\t<cite class=\"elementor-testimonial__cite\"><span class=\"elementor-testimonial__name\">Marie, DEUTSCHLAND<\/span><span class=\"elementor-testimonial__title\">MODEDESIGN<\/span><\/cite>\t\t\t<\/div>\n\t\t<\/div>\n\t\t\t\t\t\t\t\t<\/div>\n\t\t\t\t\t\t\t\t\t\t\t<div class=\"swiper-slide\" role=\"group\" aria-roledescription=\"slide\">\n\t\t\t\t\t\t\t\t\t<div class=\"elementor-testimonial\">\n\t\t\t\t\t\t\t<div class=\"elementor-testimonial__content\">\n\t\t\t\t\t<div class=\"elementor-testimonial__text\">\n\t\t\t\t\t\t\u201cDie Online-Lernmaterialien des Praktikums haben mir sehr dabei geholfen, meine visuellen Kommunikationsf\u00e4higkeiten zu verbessern. Ich habe gelernt, wie ich bestimmte visuelle Elemente einsetzen kann, um meine Kreativit\u00e4t bestm\u00f6glich zum Ausdruck zu bringen. Au\u00dferdem habe ich einige n\u00fctzliche Technologien kennengelernt.\u201d\t\t\t\t\t<\/div>\n\t\t\t\t\t\t\t\t\t<\/div>\n\t\t\t\t\t\t<div class=\"elementor-testimonial__footer\">\n\t\t\t\t\t\t\t\t\t<div class=\"elementor-testimonial__image\">\n\t\t\t\t\t\t<img decoding=\"async\" src=\"https:\/\/fea-vee.eu\/wp-content\/uploads\/2025\/06\/rep4_.jpeg\" alt=\"Jakab, RUM\u00c4NIEN\">\n\t\t\t\t\t\t\t\t\t\t\t<\/div>\n\t\t\t\t\t\t\t\t<cite class=\"elementor-testimonial__cite\"><span class=\"elementor-testimonial__name\">Jakab, RUM\u00c4NIEN<\/span><span class=\"elementor-testimonial__title\">MODEDESIGN<\/span><\/cite>\t\t\t<\/div>\n\t\t<\/div>\n\t\t\t\t\t\t\t\t<\/div>\n\t\t\t\t\t\t\t\t\t\t\t<div class=\"swiper-slide\" role=\"group\" aria-roledescription=\"slide\">\n\t\t\t\t\t\t\t\t\t<div class=\"elementor-testimonial\">\n\t\t\t\t\t\t\t<div class=\"elementor-testimonial__content\">\n\t\t\t\t\t<div class=\"elementor-testimonial__text\">\n\t\t\t\t\t\t\u201cDieses Projekt hat mir viel \u00fcber die Arbeit hinter den Kulissen beigebracht. Es ist eine harte Branche, und wenn man davon leben will, muss man doppelt so hart arbeiten, wie man vorher gedacht hat.\u201d\t\t\t\t\t<\/div>\n\t\t\t\t\t\t\t\t\t<\/div>\n\t\t\t\t\t\t<div class=\"elementor-testimonial__footer\">\n\t\t\t\t\t\t\t\t\t<div class=\"elementor-testimonial__image\">\n\t\t\t\t\t\t<img decoding=\"async\" src=\"https:\/\/fea-vee.eu\/wp-content\/uploads\/2025\/06\/Storyboard-Quote-5_.jpeg\" alt=\"Eduard, RUM\u00c4NIEN\">\n\t\t\t\t\t\t\t\t\t\t\t<\/div>\n\t\t\t\t\t\t\t\t<cite class=\"elementor-testimonial__cite\"><span class=\"elementor-testimonial__name\">Eduard, RUM\u00c4NIEN<\/span><span class=\"elementor-testimonial__title\">MODEDESIGN<\/span><\/cite>\t\t\t<\/div>\n\t\t<\/div>\n\t\t\t\t\t\t\t\t<\/div>\n\t\t\t\t\t\t\t\t\t<\/div>\n\t\t\t\t\t\t\t\t\t\t\t\t\t\t\t<div class=\"elementor-swiper-button elementor-swiper-button-prev\" role=\"button\" tabindex=\"0\" aria-label=\"Voriger\">\n\t\t\t\t\t\t\t<svg aria-hidden=\"true\" class=\"e-font-icon-svg e-eicon-chevron-left\" viewBox=\"0 0 1000 1000\" xmlns=\"http:\/\/www.w3.org\/2000\/svg\"><path d=\"M646 125C629 125 613 133 604 142L308 442C296 454 292 471 292 487 292 504 296 521 308 533L604 854C617 867 629 875 646 875 663 875 679 871 692 858 704 846 713 829 713 812 713 796 708 779 692 767L438 487 692 225C700 217 708 204 708 187 708 171 704 154 692 142 675 129 663 125 646 125Z\"><\/path><\/svg>\t\t\t\t\t\t<\/div>\n\t\t\t\t\t\t<div class=\"elementor-swiper-button elementor-swiper-button-next\" role=\"button\" tabindex=\"0\" aria-label=\"N\u00e4chster\">\n\t\t\t\t\t\t\t<svg aria-hidden=\"true\" class=\"e-font-icon-svg e-eicon-chevron-right\" viewBox=\"0 0 1000 1000\" xmlns=\"http:\/\/www.w3.org\/2000\/svg\"><path d=\"M696 533C708 521 713 504 713 487 713 471 708 454 696 446L400 146C388 133 375 125 354 125 338 125 325 129 313 142 300 154 292 171 292 187 292 204 296 221 308 233L563 492 304 771C292 783 288 800 288 817 288 833 296 850 308 863 321 871 338 875 354 875 371 875 388 867 400 854L696 533Z\"><\/path><\/svg>\t\t\t\t\t\t<\/div>\n\t\t\t\t\t\t\t\t\t\t\t\t\t\t\t\t\t<\/div>\n\t\t\t\t<\/div>\n\t\t\t\t\t\t\t\t<\/div>\n\t\t\t\t<\/div>\n\t\t\t\t<div class=\"elementor-element elementor-element-71e7d38 elementor-widget elementor-widget-spacer\" data-id=\"71e7d38\" data-element_type=\"widget\" data-widget_type=\"spacer.default\">\n\t\t\t\t<div class=\"elementor-widget-container\">\n\t\t\t\t\t\t\t<div class=\"elementor-spacer\">\n\t\t\t<div class=\"elementor-spacer-inner\"><\/div>\n\t\t<\/div>\n\t\t\t\t\t\t<\/div>\n\t\t\t\t<\/div>\n\t\t\t\t<div class=\"elementor-element elementor-element-9493103 elementor-widget elementor-widget-tp-blog-listout\" data-id=\"9493103\" data-element_type=\"widget\" data-widget_type=\"tp-blog-listout.default\">\n\t\t\t\t<div class=\"elementor-widget-container\">\n\t\t\t\t\t<div id=\"pt-plus-blog-post-list\" class=\"blog-list post69f005cd22f07  list-isotope  blog-style-2 hover-image-style-1 layout-style-1  \"  data-layout-type=\"fitRows\"   data-id=\"post69f005cd22f07\" data-style=\"style-2\"   dir= data-enable-isotope=\"1\" filter-type = \"normal\"><div id=\"post69f005cd22f07\" class=\"tp-row post-inner-loop post69f005cd22f07 text-center  \" data-extparam= '{\"loading-opt\":\"skeleton\",\"URL-para\":\"\"}'  ><div class=\"grid-item metro-item  tp-col-lg-4 tp-col-md-4 tp-col-sm-6 tp-col-6  \"><article id=\"post-7444\" class=\"post-7444 post type-post status-publish format-standard has-post-thumbnail hentry category-best-practices-de\">\r\n\t<div class=\"blog-list-content\">\r\n\t\t\t\t<div class=\"post-content-image\">\r\n\t\t\t<a href=\"https:\/\/fea-vee.eu\/de\/modern-jewelry-made-from-recycled-glass-bottles\/\">\r\n\t\t\t\t\t<div class=\"blog-featured-image  tp-cst-img-full img\">\r\n\t<span class=\"thumb-wrap\">\r\n\t\t<img decoding=\"async\" width=\"1200\" height=\"630\" src=\"https:\/\/fea-vee.eu\/wp-content\/uploads\/2024\/06\/bp_el.png\" class=\"attachment-full size-full\" alt=\"\" srcset=\"https:\/\/fea-vee.eu\/wp-content\/uploads\/2024\/06\/bp_el.png 1200w, https:\/\/fea-vee.eu\/wp-content\/uploads\/2024\/06\/bp_el-300x158.png 300w, https:\/\/fea-vee.eu\/wp-content\/uploads\/2024\/06\/bp_el-1024x538.png 1024w, https:\/\/fea-vee.eu\/wp-content\/uploads\/2024\/06\/bp_el-768x403.png 768w, https:\/\/fea-vee.eu\/wp-content\/uploads\/2024\/06\/bp_el-624x328.png 624w, https:\/\/fea-vee.eu\/wp-content\/uploads\/2024\/06\/bp_el-50x26.png 50w, https:\/\/fea-vee.eu\/wp-content\/uploads\/2024\/06\/bp_el-100x53.png 100w\" sizes=\"(max-width: 1200px) 100vw, 1200px\" \/>\t<\/span>\r\n\t<\/div>\r\n\t\t\t<\/a>\r\n\t\t\t\t\t<\/div>\r\n\t\t\t\t<div class=\"post-content-bottom\">\r\n\t\t\t\t\t\t<div class=\"post-metro-content\">\r\n\t\t\t\t<h3 class=\"post-title\">\r\n\t<a href=\"https:\/\/fea-vee.eu\/de\/modern-jewelry-made-from-recycled-glass-bottles\/\" class=\"normal\">Moderner Schmuck aus recycelten Glasflaschen<\/a>\r\n<\/h3>\r\n\t\t\t\t\t\t\t\t\t\t\t<\/div>\r\n\t\t<\/div>\r\n\t\t\t\t\t<\/div>\r\n<\/article>\r\n<\/div><div class=\"grid-item metro-item  tp-col-lg-4 tp-col-md-4 tp-col-sm-6 tp-col-6  \"><article id=\"post-7437\" class=\"post-7437 post type-post status-publish format-standard has-post-thumbnail hentry category-best-practices-de\">\r\n\t<div class=\"blog-list-content\">\r\n\t\t\t\t<div class=\"post-content-image\">\r\n\t\t\t<a href=\"https:\/\/fea-vee.eu\/de\/initiatives-and-measures-regarding-sustainability-at-trigema\/\">\r\n\t\t\t\t\t<div class=\"blog-featured-image  tp-cst-img-full img\">\r\n\t<span class=\"thumb-wrap\">\r\n\t\t<img decoding=\"async\" width=\"1200\" height=\"630\" src=\"https:\/\/fea-vee.eu\/wp-content\/uploads\/2024\/06\/bp_de.png\" class=\"attachment-full size-full\" alt=\"\" srcset=\"https:\/\/fea-vee.eu\/wp-content\/uploads\/2024\/06\/bp_de.png 1200w, https:\/\/fea-vee.eu\/wp-content\/uploads\/2024\/06\/bp_de-300x158.png 300w, https:\/\/fea-vee.eu\/wp-content\/uploads\/2024\/06\/bp_de-1024x538.png 1024w, https:\/\/fea-vee.eu\/wp-content\/uploads\/2024\/06\/bp_de-768x403.png 768w, https:\/\/fea-vee.eu\/wp-content\/uploads\/2024\/06\/bp_de-624x328.png 624w, https:\/\/fea-vee.eu\/wp-content\/uploads\/2024\/06\/bp_de-50x26.png 50w, https:\/\/fea-vee.eu\/wp-content\/uploads\/2024\/06\/bp_de-100x53.png 100w\" sizes=\"(max-width: 1200px) 100vw, 1200px\" \/>\t<\/span>\r\n\t<\/div>\r\n\t\t\t<\/a>\r\n\t\t\t\t\t<\/div>\r\n\t\t\t\t<div class=\"post-content-bottom\">\r\n\t\t\t\t\t\t<div class=\"post-metro-content\">\r\n\t\t\t\t<h3 class=\"post-title\">\r\n\t<a href=\"https:\/\/fea-vee.eu\/de\/initiatives-and-measures-regarding-sustainability-at-trigema\/\" class=\"normal\">Initiativen und Ma\u00dfnahmen zur Nachhaltigkeit bei Trigema<\/a>\r\n<\/h3>\r\n\t\t\t\t\t\t\t\t\t\t\t<\/div>\r\n\t\t<\/div>\r\n\t\t\t\t\t<\/div>\r\n<\/article>\r\n<\/div><div class=\"grid-item metro-item  tp-col-lg-4 tp-col-md-4 tp-col-sm-6 tp-col-6  \"><article id=\"post-7430\" class=\"post-7430 post type-post status-publish format-standard has-post-thumbnail hentry category-best-practices-de\">\r\n\t<div class=\"blog-list-content\">\r\n\t\t\t\t<div class=\"post-content-image\">\r\n\t\t\t<a href=\"https:\/\/fea-vee.eu\/de\/sustainability-fabric-management\/\">\r\n\t\t\t\t\t<div class=\"blog-featured-image  tp-cst-img-full img\">\r\n\t<span class=\"thumb-wrap\">\r\n\t\t<img loading=\"lazy\" decoding=\"async\" width=\"1200\" height=\"630\" src=\"https:\/\/fea-vee.eu\/wp-content\/uploads\/2024\/06\/bp_bg.png\" class=\"attachment-full size-full\" alt=\"\" srcset=\"https:\/\/fea-vee.eu\/wp-content\/uploads\/2024\/06\/bp_bg.png 1200w, https:\/\/fea-vee.eu\/wp-content\/uploads\/2024\/06\/bp_bg-300x158.png 300w, https:\/\/fea-vee.eu\/wp-content\/uploads\/2024\/06\/bp_bg-1024x538.png 1024w, https:\/\/fea-vee.eu\/wp-content\/uploads\/2024\/06\/bp_bg-768x403.png 768w, https:\/\/fea-vee.eu\/wp-content\/uploads\/2024\/06\/bp_bg-624x328.png 624w, https:\/\/fea-vee.eu\/wp-content\/uploads\/2024\/06\/bp_bg-50x26.png 50w, https:\/\/fea-vee.eu\/wp-content\/uploads\/2024\/06\/bp_bg-100x53.png 100w\" sizes=\"(max-width: 1200px) 100vw, 1200px\" \/>\t<\/span>\r\n\t<\/div>\r\n\t\t\t<\/a>\r\n\t\t\t\t\t<\/div>\r\n\t\t\t\t<div class=\"post-content-bottom\">\r\n\t\t\t\t\t\t<div class=\"post-metro-content\">\r\n\t\t\t\t<h3 class=\"post-title\">\r\n\t<a href=\"https:\/\/fea-vee.eu\/de\/sustainability-fabric-management\/\" class=\"normal\">Nachhaltiges Textilmanagement<\/a>\r\n<\/h3>\r\n\t\t\t\t\t\t\t\t\t\t\t<\/div>\r\n\t\t<\/div>\r\n\t\t\t\t\t<\/div>\r\n<\/article>\r\n<\/div><\/div><\/div>\t\t\t\t<\/div>\n\t\t\t\t<\/div>\n\t\t\t\t<div class=\"elementor-element elementor-element-75eec41 elementor-widget elementor-widget-spacer\" data-id=\"75eec41\" data-element_type=\"widget\" data-widget_type=\"spacer.default\">\n\t\t\t\t<div class=\"elementor-widget-container\">\n\t\t\t\t\t\t\t<div class=\"elementor-spacer\">\n\t\t\t<div class=\"elementor-spacer-inner\"><\/div>\n\t\t<\/div>\n\t\t\t\t\t\t<\/div>\n\t\t\t\t<\/div>\n\t\t\t\t\t<\/div>\n\t\t<\/div>\n\t\t\t\t\t<\/div>\n\t\t<\/section>\n\t\t\t\t<\/div>\n\t\t","protected":false},"excerpt":{"rendered":"<p>Storyboard Erfahrungen der Teilnehmenden Der Bereich \u201eStoryboard\u201c ist eine Sammlung pers\u00f6nlicher Erfahrungen im Rahmen des FEA-VEE-Projekts. Hier teilen die Teilnehmenden ihre einzigartigen Geschichten und zeigen,&hellip;<\/p>\n","protected":false},"author":2,"featured_media":0,"parent":0,"menu_order":0,"comment_status":"closed","ping_status":"closed","template":"","meta":{"footnotes":""},"class_list":["post-1797","page","type-page","status-publish","hentry"],"_links":{"self":[{"href":"https:\/\/fea-vee.eu\/de\/wp-json\/wp\/v2\/pages\/1797","targetHints":{"allow":["GET"]}}],"collection":[{"href":"https:\/\/fea-vee.eu\/de\/wp-json\/wp\/v2\/pages"}],"about":[{"href":"https:\/\/fea-vee.eu\/de\/wp-json\/wp\/v2\/types\/page"}],"author":[{"embeddable":true,"href":"https:\/\/fea-vee.eu\/de\/wp-json\/wp\/v2\/users\/2"}],"replies":[{"embeddable":true,"href":"https:\/\/fea-vee.eu\/de\/wp-json\/wp\/v2\/comments?post=1797"}],"version-history":[{"count":8,"href":"https:\/\/fea-vee.eu\/de\/wp-json\/wp\/v2\/pages\/1797\/revisions"}],"predecessor-version":[{"id":9472,"href":"https:\/\/fea-vee.eu\/de\/wp-json\/wp\/v2\/pages\/1797\/revisions\/9472"}],"wp:attachment":[{"href":"https:\/\/fea-vee.eu\/de\/wp-json\/wp\/v2\/media?parent=1797"}],"curies":[{"name":"wp","href":"https:\/\/api.w.org\/{rel}","templated":true}]}}